{"id":76,"date":"2020-07-27T21:24:51","date_gmt":"2020-07-27T19:24:51","guid":{"rendered":"https:\/\/arthenon.com\/?post_type=product&#038;p=76"},"modified":"2025-06-03T13:11:02","modified_gmt":"2025-06-03T11:11:02","slug":"carte-postale-rue-daubigny","status":"publish","type":"product","link":"https:\/\/arthenon.com\/fr\/produit\/carte-postale-rue-daubigny\/","title":{"rendered":"Carte postale rue Daubigny"},"content":{"rendered":"<p>Par l\u2019achat de cette carte postale, que je vous envoie d\u00e9dicac\u00e9e et sign\u00e9e, vous contribuez \u00e0 mes travaux pass\u00e9s, pr\u00e9sents et futurs.<\/p>\n","protected":false},"excerpt":{"rendered":"<p>Reproduction de la carte postale devenue mondialement c\u00e9l\u00e8bre apr\u00e8s avoir r\u00e9v\u00e9l\u00e9 le lieu o\u00f9 Van Gogh a peint son dernier tableau.<\/p>\n","protected":false},"featured_media":653,"template":"","meta":{"_et_pb_use_builder":"","_et_pb_old_content":"","_et_gb_content_width":""},"product_brand":[],"product_cat":[63],"product_tag":[56],"class_list":{"0":"post-76","1":"product","2":"type-product","3":"status-publish","4":"has-post-thumbnail","6":"product_cat-cartes-postales","7":"product_tag-carte","8":"product_shipping_class-cartes-postales","10":"first","11":"instock","12":"shipping-taxable","13":"purchasable","14":"product-type-variable"},"yoast_head":"<!-- This site is optimized with the Yoast SEO plugin v27.1.1 - https:\/\/yoast.com\/product\/yoast-seo-wordpress\/ -->\n<title>Carte postale rue Daubigny - arth\u00e9non<\/title>\n<meta name=\"description\" content=\"Reproduction de la carte postale devenue mondialement c\u00e9l\u00e8bre apr\u00e8s avoir r\u00e9v\u00e9l\u00e9 le lieu o\u00f9 Van Gogh a peint son dernier tableau.\" \/>\n<meta name=\"robots\" content=\"index, follow, max-snippet:-1, max-image-preview:large, max-video-preview:-1\" \/>\n<link rel=\"canonical\" href=\"https:\/\/arthenon.com\/fr\/produit\/carte-postale-rue-daubigny\/\" \/>\n<meta property=\"og:locale\" content=\"fr_FR\" \/>\n<meta property=\"og:type\" content=\"article\" \/>\n<meta property=\"og:title\" content=\"Carte postale rue Daubigny - arth\u00e9non\" \/>\n<meta property=\"og:description\" content=\"Reproduction de la carte postale devenue mondialement c\u00e9l\u00e8bre apr\u00e8s avoir r\u00e9v\u00e9l\u00e9 le lieu o\u00f9 Van Gogh a peint son dernier tableau.\" \/>\n<meta property=\"og:url\" content=\"https:\/\/arthenon.com\/fr\/produit\/carte-postale-rue-daubigny\/\" \/>\n<meta property=\"og:site_name\" content=\"arth\u00e9non\" \/>\n<meta property=\"article:modified_time\" content=\"2025-06-03T11:11:02+00:00\" \/>\n<meta property=\"og:image\" content=\"https:\/\/arthenon.com\/wp-content\/uploads\/2020\/07\/Cartes_fd-blanc-1-scaled.jpg\" \/>\n\t<meta property=\"og:image:width\" content=\"2560\" \/>\n\t<meta property=\"og:image:height\" content=\"1902\" \/>\n\t<meta property=\"og:image:type\" content=\"image\/jpeg\" \/>\n<meta name=\"twitter:card\" content=\"summary_large_image\" \/>\n<meta name=\"twitter:label1\" content=\"Dur\u00e9e de lecture estim\u00e9e\" \/>\n\t<meta name=\"twitter:data1\" content=\"1 minute\" \/>\n<script type=\"application\/ld+json\" class=\"yoast-schema-graph\">{\"@context\":\"https:\/\/schema.org\",\"@graph\":[{\"@type\":\"WebPage\",\"@id\":\"https:\/\/arthenon.com\/fr\/produit\/carte-postale-rue-daubigny\/\",\"url\":\"https:\/\/arthenon.com\/fr\/produit\/carte-postale-rue-daubigny\/\",\"name\":\"Carte postale rue Daubigny - arth\u00e9non\",\"isPartOf\":{\"@id\":\"https:\/\/arthenon.com\/en\/#website\"},\"primaryImageOfPage\":{\"@id\":\"https:\/\/arthenon.com\/fr\/produit\/carte-postale-rue-daubigny\/#primaryimage\"},\"image\":{\"@id\":\"https:\/\/arthenon.com\/fr\/produit\/carte-postale-rue-daubigny\/#primaryimage\"},\"thumbnailUrl\":\"https:\/\/arthenon.com\/wp-content\/uploads\/2020\/07\/Cartes_fd-blanc-1-scaled.jpg\",\"datePublished\":\"2020-07-27T19:24:51+00:00\",\"dateModified\":\"2025-06-03T11:11:02+00:00\",\"description\":\"Reproduction de la carte postale devenue mondialement c\u00e9l\u00e8bre apr\u00e8s avoir r\u00e9v\u00e9l\u00e9 le lieu o\u00f9 Van Gogh a peint son dernier tableau.\",\"breadcrumb\":{\"@id\":\"https:\/\/arthenon.com\/fr\/produit\/carte-postale-rue-daubigny\/#breadcrumb\"},\"inLanguage\":\"fr-FR\",\"potentialAction\":[{\"@type\":\"ReadAction\",\"target\":[\"https:\/\/arthenon.com\/fr\/produit\/carte-postale-rue-daubigny\/\"]}]},{\"@type\":\"ImageObject\",\"inLanguage\":\"fr-FR\",\"@id\":\"https:\/\/arthenon.com\/fr\/produit\/carte-postale-rue-daubigny\/#primaryimage\",\"url\":\"https:\/\/arthenon.com\/wp-content\/uploads\/2020\/07\/Cartes_fd-blanc-1-scaled.jpg\",\"contentUrl\":\"https:\/\/arthenon.com\/wp-content\/uploads\/2020\/07\/Cartes_fd-blanc-1-scaled.jpg\",\"width\":2560,\"height\":1902,\"caption\":\"La carte postale qui a r\u00e9v\u00e9l\u00e9 l'endroit o\u00f9 Van Gogh a peint son dernier chef-d'oeuvre\"},{\"@type\":\"BreadcrumbList\",\"@id\":\"https:\/\/arthenon.com\/fr\/produit\/carte-postale-rue-daubigny\/#breadcrumb\",\"itemListElement\":[{\"@type\":\"ListItem\",\"position\":1,\"name\":\"Home\",\"item\":\"http:\/\/arthenon.com\/fr\/\"},{\"@type\":\"ListItem\",\"position\":2,\"name\":\"Boutique\",\"item\":\"https:\/\/arthenon.com\/fr\/boutique\/\"},{\"@type\":\"ListItem\",\"position\":3,\"name\":\"Carte postale rue Daubigny\"}]},{\"@type\":\"WebSite\",\"@id\":\"https:\/\/arthenon.com\/en\/#website\",\"url\":\"https:\/\/arthenon.com\/en\/\",\"name\":\"arth\u00e9non\",\"description\":\"livres libres\",\"potentialAction\":[{\"@type\":\"SearchAction\",\"target\":{\"@type\":\"EntryPoint\",\"urlTemplate\":\"https:\/\/arthenon.com\/en\/?s={search_term_string}\"},\"query-input\":{\"@type\":\"PropertyValueSpecification\",\"valueRequired\":true,\"valueName\":\"search_term_string\"}}],\"inLanguage\":\"fr-FR\"}]}<\/script>\n<!-- \/ Yoast SEO plugin. -->","yoast_head_json":{"title":"Carte postale rue Daubigny - arth\u00e9non","description":"Reproduction de la carte postale devenue mondialement c\u00e9l\u00e8bre apr\u00e8s avoir r\u00e9v\u00e9l\u00e9 le lieu o\u00f9 Van Gogh a peint son dernier tableau.","robots":{"index":"index","follow":"follow","max-snippet":"max-snippet:-1","max-image-preview":"max-image-preview:large","max-video-preview":"max-video-preview:-1"},"canonical":"https:\/\/arthenon.com\/fr\/produit\/carte-postale-rue-daubigny\/","og_locale":"fr_FR","og_type":"article","og_title":"Carte postale rue Daubigny - arth\u00e9non","og_description":"Reproduction de la carte postale devenue mondialement c\u00e9l\u00e8bre apr\u00e8s avoir r\u00e9v\u00e9l\u00e9 le lieu o\u00f9 Van Gogh a peint son dernier tableau.","og_url":"https:\/\/arthenon.com\/fr\/produit\/carte-postale-rue-daubigny\/","og_site_name":"arth\u00e9non","article_modified_time":"2025-06-03T11:11:02+00:00","og_image":[{"width":2560,"height":1902,"url":"https:\/\/arthenon.com\/wp-content\/uploads\/2020\/07\/Cartes_fd-blanc-1-scaled.jpg","type":"image\/jpeg"}],"twitter_card":"summary_large_image","twitter_misc":{"Dur\u00e9e de lecture estim\u00e9e":"1 minute"},"schema":{"@context":"https:\/\/schema.org","@graph":[{"@type":"WebPage","@id":"https:\/\/arthenon.com\/fr\/produit\/carte-postale-rue-daubigny\/","url":"https:\/\/arthenon.com\/fr\/produit\/carte-postale-rue-daubigny\/","name":"Carte postale rue Daubigny - arth\u00e9non","isPartOf":{"@id":"https:\/\/arthenon.com\/en\/#website"},"primaryImageOfPage":{"@id":"https:\/\/arthenon.com\/fr\/produit\/carte-postale-rue-daubigny\/#primaryimage"},"image":{"@id":"https:\/\/arthenon.com\/fr\/produit\/carte-postale-rue-daubigny\/#primaryimage"},"thumbnailUrl":"https:\/\/arthenon.com\/wp-content\/uploads\/2020\/07\/Cartes_fd-blanc-1-scaled.jpg","datePublished":"2020-07-27T19:24:51+00:00","dateModified":"2025-06-03T11:11:02+00:00","description":"Reproduction de la carte postale devenue mondialement c\u00e9l\u00e8bre apr\u00e8s avoir r\u00e9v\u00e9l\u00e9 le lieu o\u00f9 Van Gogh a peint son dernier tableau.","breadcrumb":{"@id":"https:\/\/arthenon.com\/fr\/produit\/carte-postale-rue-daubigny\/#breadcrumb"},"inLanguage":"fr-FR","potentialAction":[{"@type":"ReadAction","target":["https:\/\/arthenon.com\/fr\/produit\/carte-postale-rue-daubigny\/"]}]},{"@type":"ImageObject","inLanguage":"fr-FR","@id":"https:\/\/arthenon.com\/fr\/produit\/carte-postale-rue-daubigny\/#primaryimage","url":"https:\/\/arthenon.com\/wp-content\/uploads\/2020\/07\/Cartes_fd-blanc-1-scaled.jpg","contentUrl":"https:\/\/arthenon.com\/wp-content\/uploads\/2020\/07\/Cartes_fd-blanc-1-scaled.jpg","width":2560,"height":1902,"caption":"La carte postale qui a r\u00e9v\u00e9l\u00e9 l'endroit o\u00f9 Van Gogh a peint son dernier chef-d'oeuvre"},{"@type":"BreadcrumbList","@id":"https:\/\/arthenon.com\/fr\/produit\/carte-postale-rue-daubigny\/#breadcrumb","itemListElement":[{"@type":"ListItem","position":1,"name":"Home","item":"http:\/\/arthenon.com\/fr\/"},{"@type":"ListItem","position":2,"name":"Boutique","item":"https:\/\/arthenon.com\/fr\/boutique\/"},{"@type":"ListItem","position":3,"name":"Carte postale rue Daubigny"}]},{"@type":"WebSite","@id":"https:\/\/arthenon.com\/en\/#website","url":"https:\/\/arthenon.com\/en\/","name":"arth\u00e9non","description":"livres libres","potentialAction":[{"@type":"SearchAction","target":{"@type":"EntryPoint","urlTemplate":"https:\/\/arthenon.com\/en\/?s={search_term_string}"},"query-input":{"@type":"PropertyValueSpecification","valueRequired":true,"valueName":"search_term_string"}}],"inLanguage":"fr-FR"}]}},"_links":{"self":[{"href":"https:\/\/arthenon.com\/fr\/wp-json\/wp\/v2\/product\/76","targetHints":{"allow":["GET"]}}],"collection":[{"href":"https:\/\/arthenon.com\/fr\/wp-json\/wp\/v2\/product"}],"about":[{"href":"https:\/\/arthenon.com\/fr\/wp-json\/wp\/v2\/types\/product"}],"wp:featuredmedia":[{"embeddable":true,"href":"https:\/\/arthenon.com\/fr\/wp-json\/wp\/v2\/media\/653"}],"wp:attachment":[{"href":"https:\/\/arthenon.com\/fr\/wp-json\/wp\/v2\/media?parent=76"}],"wp:term":[{"taxonomy":"product_brand","embeddable":true,"href":"https:\/\/arthenon.com\/fr\/wp-json\/wp\/v2\/product_brand?post=76"},{"taxonomy":"product_cat","embeddable":true,"href":"https:\/\/arthenon.com\/fr\/wp-json\/wp\/v2\/product_cat?post=76"},{"taxonomy":"product_tag","embeddable":true,"href":"https:\/\/arthenon.com\/fr\/wp-json\/wp\/v2\/product_tag?post=76"}],"curies":[{"name":"wp","href":"https:\/\/api.w.org\/{rel}","templated":true}]}}