{"id":1317,"date":"2021-04-29T15:53:59","date_gmt":"2021-04-29T13:53:59","guid":{"rendered":"https:\/\/dev.arthenon.com\/?post_type=product&#038;p=1317"},"modified":"2025-06-02T11:49:53","modified_gmt":"2025-06-02T09:49:53","slug":"carte-postale-escalier-menant-a-la-chambre-de-van-gogh","status":"publish","type":"product","link":"https:\/\/arthenon.com\/fr\/produit\/carte-postale-escalier-menant-a-la-chambre-de-van-gogh\/","title":{"rendered":"Carte postale Escalier menant \u00e0 la Chambre de Van Gogh"},"content":{"rendered":"<p>Vincent Van Gogh a fait ses derniers pas dans cet escalier charg\u00e9 d&rsquo;\u00e9motion et de m\u00e9moire. Depuis son d\u00e9c\u00e8s, des millions de p\u00e8lerins ont fait la m\u00eame mont\u00e9e avec un pincement au coeur.<\/p>\n","protected":false},"excerpt":{"rendered":"<p>En commandant cette carte postale personnalis\u00e9e, vous contribuez aux recherches et travaux de Wouter van der Veen, auteur, \u00e9diteur et chercheur ind\u00e9pendant.<\/p>\n","protected":false},"featured_media":1168,"template":"","meta":{"_et_pb_use_builder":"on","_et_pb_old_content":"Vincent Van Gogh a fait ses derniers pas dans cet escalier charg\u00e9 d'\u00e9motion et de m\u00e9moire. Depuis son d\u00e9c\u00e8s, des millions de p\u00e8lerins ont fait la m\u00eame mont\u00e9e avec un pincement au coeur.","_et_gb_content_width":""},"product_brand":[],"product_cat":[63],"product_tag":[],"class_list":{"0":"post-1317","1":"product","2":"type-product","3":"status-publish","4":"has-post-thumbnail","6":"product_cat-cartes-postales","8":"first","9":"instock","10":"shipping-taxable","11":"purchasable","12":"product-type-variable"},"yoast_head":"<!-- This site is optimized with the Yoast SEO plugin v27.1.1 - https:\/\/yoast.com\/product\/yoast-seo-wordpress\/ -->\n<title>Carte postale Escalier menant \u00e0 la Chambre de Van Gogh - arth\u00e9non<\/title>\n<meta name=\"description\" content=\"Carte postale repr\u00e9sentant l&#039;escalier menant \u00e0 la chambre de Vincent \u00e0 Auvers-sur-Oise. Photo prise par Wouter van der Veen.\" \/>\n<meta name=\"robots\" content=\"index, follow, max-snippet:-1, max-image-preview:large, max-video-preview:-1\" \/>\n<link rel=\"canonical\" href=\"http:\/\/arthenon.com\/fr\/produit\/carte-postale-escalier-menant-a-la-chambre-de-van-gogh\/\" \/>\n<meta property=\"og:locale\" content=\"fr_FR\" \/>\n<meta property=\"og:type\" content=\"article\" \/>\n<meta property=\"og:title\" content=\"Carte postale Escalier menant \u00e0 la Chambre de Van Gogh - arth\u00e9non\" \/>\n<meta property=\"og:description\" content=\"Carte postale repr\u00e9sentant l&#039;escalier menant \u00e0 la chambre de Vincent \u00e0 Auvers-sur-Oise. Photo prise par Wouter van der Veen.\" \/>\n<meta property=\"og:url\" content=\"http:\/\/arthenon.com\/fr\/produit\/carte-postale-escalier-menant-a-la-chambre-de-van-gogh\/\" \/>\n<meta property=\"og:site_name\" content=\"arth\u00e9non\" \/>\n<meta property=\"article:modified_time\" content=\"2025-06-02T09:49:53+00:00\" \/>\n<meta property=\"og:image\" content=\"http:\/\/arthenon.com\/wp-content\/uploads\/2021\/04\/20210416_Carte-Vincent_03-3.jpg\" \/>\n\t<meta property=\"og:image:width\" content=\"2048\" \/>\n\t<meta property=\"og:image:height\" content=\"1260\" \/>\n\t<meta property=\"og:image:type\" content=\"image\/jpeg\" \/>\n<meta name=\"twitter:card\" content=\"summary_large_image\" \/>\n<meta name=\"twitter:label1\" content=\"Dur\u00e9e de lecture estim\u00e9e\" \/>\n\t<meta name=\"twitter:data1\" content=\"1 minute\" \/>\n<script type=\"application\/ld+json\" class=\"yoast-schema-graph\">{\"@context\":\"https:\/\/schema.org\",\"@graph\":[{\"@type\":\"WebPage\",\"@id\":\"http:\/\/arthenon.com\/fr\/produit\/carte-postale-escalier-menant-a-la-chambre-de-van-gogh\/\",\"url\":\"http:\/\/arthenon.com\/fr\/produit\/carte-postale-escalier-menant-a-la-chambre-de-van-gogh\/\",\"name\":\"Carte postale Escalier menant \u00e0 la Chambre de Van Gogh - arth\u00e9non\",\"isPartOf\":{\"@id\":\"https:\/\/arthenon.com\/en\/#website\"},\"primaryImageOfPage\":{\"@id\":\"http:\/\/arthenon.com\/fr\/produit\/carte-postale-escalier-menant-a-la-chambre-de-van-gogh\/#primaryimage\"},\"image\":{\"@id\":\"http:\/\/arthenon.com\/fr\/produit\/carte-postale-escalier-menant-a-la-chambre-de-van-gogh\/#primaryimage\"},\"thumbnailUrl\":\"https:\/\/arthenon.com\/wp-content\/uploads\/2021\/04\/20210416_Carte-Vincent_03-3.jpg\",\"datePublished\":\"2021-04-29T13:53:59+00:00\",\"dateModified\":\"2025-06-02T09:49:53+00:00\",\"description\":\"Carte postale repr\u00e9sentant l'escalier menant \u00e0 la chambre de Vincent \u00e0 Auvers-sur-Oise. Photo prise par Wouter van der Veen.\",\"breadcrumb\":{\"@id\":\"http:\/\/arthenon.com\/fr\/produit\/carte-postale-escalier-menant-a-la-chambre-de-van-gogh\/#breadcrumb\"},\"inLanguage\":\"fr-FR\",\"potentialAction\":[{\"@type\":\"ReadAction\",\"target\":[\"http:\/\/arthenon.com\/fr\/produit\/carte-postale-escalier-menant-a-la-chambre-de-van-gogh\/\"]}]},{\"@type\":\"ImageObject\",\"inLanguage\":\"fr-FR\",\"@id\":\"http:\/\/arthenon.com\/fr\/produit\/carte-postale-escalier-menant-a-la-chambre-de-van-gogh\/#primaryimage\",\"url\":\"https:\/\/arthenon.com\/wp-content\/uploads\/2021\/04\/20210416_Carte-Vincent_03-3.jpg\",\"contentUrl\":\"https:\/\/arthenon.com\/wp-content\/uploads\/2021\/04\/20210416_Carte-Vincent_03-3.jpg\",\"width\":2048,\"height\":1260,\"caption\":\"Escalier menant \u00e0 la chambre de Van Gogh\"},{\"@type\":\"BreadcrumbList\",\"@id\":\"http:\/\/arthenon.com\/fr\/produit\/carte-postale-escalier-menant-a-la-chambre-de-van-gogh\/#breadcrumb\",\"itemListElement\":[{\"@type\":\"ListItem\",\"position\":1,\"name\":\"Home\",\"item\":\"http:\/\/arthenon.com\/fr\/\"},{\"@type\":\"ListItem\",\"position\":2,\"name\":\"Boutique\",\"item\":\"https:\/\/arthenon.com\/fr\/boutique\/\"},{\"@type\":\"ListItem\",\"position\":3,\"name\":\"Carte postale Escalier menant \u00e0 la Chambre de Van Gogh\"}]},{\"@type\":\"WebSite\",\"@id\":\"https:\/\/arthenon.com\/en\/#website\",\"url\":\"https:\/\/arthenon.com\/en\/\",\"name\":\"arth\u00e9non\",\"description\":\"livres libres\",\"potentialAction\":[{\"@type\":\"SearchAction\",\"target\":{\"@type\":\"EntryPoint\",\"urlTemplate\":\"https:\/\/arthenon.com\/en\/?s={search_term_string}\"},\"query-input\":{\"@type\":\"PropertyValueSpecification\",\"valueRequired\":true,\"valueName\":\"search_term_string\"}}],\"inLanguage\":\"fr-FR\"}]}<\/script>\n<!-- \/ Yoast SEO plugin. -->","yoast_head_json":{"title":"Carte postale Escalier menant \u00e0 la Chambre de Van Gogh - arth\u00e9non","description":"Carte postale repr\u00e9sentant l'escalier menant \u00e0 la chambre de Vincent \u00e0 Auvers-sur-Oise. Photo prise par Wouter van der Veen.","robots":{"index":"index","follow":"follow","max-snippet":"max-snippet:-1","max-image-preview":"max-image-preview:large","max-video-preview":"max-video-preview:-1"},"canonical":"http:\/\/arthenon.com\/fr\/produit\/carte-postale-escalier-menant-a-la-chambre-de-van-gogh\/","og_locale":"fr_FR","og_type":"article","og_title":"Carte postale Escalier menant \u00e0 la Chambre de Van Gogh - arth\u00e9non","og_description":"Carte postale repr\u00e9sentant l'escalier menant \u00e0 la chambre de Vincent \u00e0 Auvers-sur-Oise. Photo prise par Wouter van der Veen.","og_url":"http:\/\/arthenon.com\/fr\/produit\/carte-postale-escalier-menant-a-la-chambre-de-van-gogh\/","og_site_name":"arth\u00e9non","article_modified_time":"2025-06-02T09:49:53+00:00","og_image":[{"width":2048,"height":1260,"url":"http:\/\/arthenon.com\/wp-content\/uploads\/2021\/04\/20210416_Carte-Vincent_03-3.jpg","type":"image\/jpeg"}],"twitter_card":"summary_large_image","twitter_misc":{"Dur\u00e9e de lecture estim\u00e9e":"1 minute"},"schema":{"@context":"https:\/\/schema.org","@graph":[{"@type":"WebPage","@id":"http:\/\/arthenon.com\/fr\/produit\/carte-postale-escalier-menant-a-la-chambre-de-van-gogh\/","url":"http:\/\/arthenon.com\/fr\/produit\/carte-postale-escalier-menant-a-la-chambre-de-van-gogh\/","name":"Carte postale Escalier menant \u00e0 la Chambre de Van Gogh - arth\u00e9non","isPartOf":{"@id":"https:\/\/arthenon.com\/en\/#website"},"primaryImageOfPage":{"@id":"http:\/\/arthenon.com\/fr\/produit\/carte-postale-escalier-menant-a-la-chambre-de-van-gogh\/#primaryimage"},"image":{"@id":"http:\/\/arthenon.com\/fr\/produit\/carte-postale-escalier-menant-a-la-chambre-de-van-gogh\/#primaryimage"},"thumbnailUrl":"https:\/\/arthenon.com\/wp-content\/uploads\/2021\/04\/20210416_Carte-Vincent_03-3.jpg","datePublished":"2021-04-29T13:53:59+00:00","dateModified":"2025-06-02T09:49:53+00:00","description":"Carte postale repr\u00e9sentant l'escalier menant \u00e0 la chambre de Vincent \u00e0 Auvers-sur-Oise. Photo prise par Wouter van der Veen.","breadcrumb":{"@id":"http:\/\/arthenon.com\/fr\/produit\/carte-postale-escalier-menant-a-la-chambre-de-van-gogh\/#breadcrumb"},"inLanguage":"fr-FR","potentialAction":[{"@type":"ReadAction","target":["http:\/\/arthenon.com\/fr\/produit\/carte-postale-escalier-menant-a-la-chambre-de-van-gogh\/"]}]},{"@type":"ImageObject","inLanguage":"fr-FR","@id":"http:\/\/arthenon.com\/fr\/produit\/carte-postale-escalier-menant-a-la-chambre-de-van-gogh\/#primaryimage","url":"https:\/\/arthenon.com\/wp-content\/uploads\/2021\/04\/20210416_Carte-Vincent_03-3.jpg","contentUrl":"https:\/\/arthenon.com\/wp-content\/uploads\/2021\/04\/20210416_Carte-Vincent_03-3.jpg","width":2048,"height":1260,"caption":"Escalier menant \u00e0 la chambre de Van Gogh"},{"@type":"BreadcrumbList","@id":"http:\/\/arthenon.com\/fr\/produit\/carte-postale-escalier-menant-a-la-chambre-de-van-gogh\/#breadcrumb","itemListElement":[{"@type":"ListItem","position":1,"name":"Home","item":"http:\/\/arthenon.com\/fr\/"},{"@type":"ListItem","position":2,"name":"Boutique","item":"https:\/\/arthenon.com\/fr\/boutique\/"},{"@type":"ListItem","position":3,"name":"Carte postale Escalier menant \u00e0 la Chambre de Van Gogh"}]},{"@type":"WebSite","@id":"https:\/\/arthenon.com\/en\/#website","url":"https:\/\/arthenon.com\/en\/","name":"arth\u00e9non","description":"livres libres","potentialAction":[{"@type":"SearchAction","target":{"@type":"EntryPoint","urlTemplate":"https:\/\/arthenon.com\/en\/?s={search_term_string}"},"query-input":{"@type":"PropertyValueSpecification","valueRequired":true,"valueName":"search_term_string"}}],"inLanguage":"fr-FR"}]}},"_links":{"self":[{"href":"https:\/\/arthenon.com\/fr\/wp-json\/wp\/v2\/product\/1317","targetHints":{"allow":["GET"]}}],"collection":[{"href":"https:\/\/arthenon.com\/fr\/wp-json\/wp\/v2\/product"}],"about":[{"href":"https:\/\/arthenon.com\/fr\/wp-json\/wp\/v2\/types\/product"}],"wp:featuredmedia":[{"embeddable":true,"href":"https:\/\/arthenon.com\/fr\/wp-json\/wp\/v2\/media\/1168"}],"wp:attachment":[{"href":"https:\/\/arthenon.com\/fr\/wp-json\/wp\/v2\/media?parent=1317"}],"wp:term":[{"taxonomy":"product_brand","embeddable":true,"href":"https:\/\/arthenon.com\/fr\/wp-json\/wp\/v2\/product_brand?post=1317"},{"taxonomy":"product_cat","embeddable":true,"href":"https:\/\/arthenon.com\/fr\/wp-json\/wp\/v2\/product_cat?post=1317"},{"taxonomy":"product_tag","embeddable":true,"href":"https:\/\/arthenon.com\/fr\/wp-json\/wp\/v2\/product_tag?post=1317"}],"curies":[{"name":"wp","href":"https:\/\/api.w.org\/{rel}","templated":true}]}}