{"id":1139,"date":"2021-04-13T22:53:34","date_gmt":"2021-04-13T20:53:34","guid":{"rendered":"https:\/\/dev.arthenon.com\/?post_type=product&#038;p=1139"},"modified":"2025-06-03T13:10:01","modified_gmt":"2025-06-03T11:10:01","slug":"carte-postale-rue-daubigny-colorisee","status":"publish","type":"product","link":"https:\/\/arthenon.com\/fr\/produit\/carte-postale-rue-daubigny-colorisee\/","title":{"rendered":"Carte postale Rue Daubigny &#8211; Coloris\u00e9e"},"content":{"rendered":"<p>Une image iconique qui a fait le tour du monde : la version coloris\u00e9e de la carte postale ayant permis la d\u00e9couverte du lieu de la r\u00e9alisation du dernier chef-d&rsquo;oeuvre de Van Gogh. Publi\u00e9e en premi\u00e8re page du Figaro, pr\u00e9sent\u00e9e dans les JT du monde entier, c&rsquo;est une r\u00e9ussite exceptionnelle con\u00e7ue par Laurent Bourcellier. Disponible en carte postale personnalis\u00e9e, envoy\u00e9e par Wouter Van Der Veen, d\u00e9couvreur d&rsquo;un lieu qui fait d\u00e9sormais partie du patrimoine culturel mondial.<\/p>\n","protected":false},"excerpt":{"rendered":"<p>En commandant cette carte postale personnalis\u00e9e, vous contribuez aux recherches et travaux de Wouter van der Veen.<\/p>\n","protected":false},"featured_media":1113,"template":"","meta":{"_et_pb_use_builder":"","_et_pb_old_content":"","_et_gb_content_width":""},"product_brand":[],"product_cat":[63],"product_tag":[],"class_list":{"0":"post-1139","1":"product","2":"type-product","3":"status-publish","4":"has-post-thumbnail","6":"product_cat-cartes-postales","8":"first","9":"instock","10":"shipping-taxable","11":"purchasable","12":"product-type-variable"},"yoast_head":"<!-- This site is optimized with the Yoast SEO plugin v27.1.1 - https:\/\/yoast.com\/product\/yoast-seo-wordpress\/ -->\n<title>Carte postale Rue Daubigny - Coloris\u00e9e - arth\u00e9non<\/title>\n<meta name=\"description\" content=\"Carte postale repr\u00e9sentant la Rue Daubigny, \u00e0 Auvers-sur-Oise, avec l&#039;endroit pr\u00e9cis o\u00f9 Van Gogh a peint son dernier tableau.\" \/>\n<meta name=\"robots\" content=\"index, follow, max-snippet:-1, max-image-preview:large, max-video-preview:-1\" \/>\n<link rel=\"canonical\" href=\"https:\/\/arthenon.com\/fr\/produit\/carte-postale-rue-daubigny-colorisee\/\" \/>\n<meta property=\"og:locale\" content=\"fr_FR\" \/>\n<meta property=\"og:type\" content=\"article\" \/>\n<meta property=\"og:title\" content=\"Carte postale Rue Daubigny - Coloris\u00e9e - arth\u00e9non\" \/>\n<meta property=\"og:description\" content=\"Carte postale repr\u00e9sentant la Rue Daubigny, \u00e0 Auvers-sur-Oise, avec l&#039;endroit pr\u00e9cis o\u00f9 Van Gogh a peint son dernier tableau.\" \/>\n<meta property=\"og:url\" content=\"https:\/\/arthenon.com\/fr\/produit\/carte-postale-rue-daubigny-colorisee\/\" \/>\n<meta property=\"og:site_name\" content=\"arth\u00e9non\" \/>\n<meta property=\"article:modified_time\" content=\"2025-06-03T11:10:01+00:00\" \/>\n<meta property=\"og:image\" content=\"https:\/\/arthenon.com\/wp-content\/uploads\/2021\/04\/20210413_Carte-Racines_01.jpg\" \/>\n\t<meta property=\"og:image:width\" content=\"2048\" \/>\n\t<meta property=\"og:image:height\" content=\"1260\" \/>\n\t<meta property=\"og:image:type\" content=\"image\/jpeg\" \/>\n<meta name=\"twitter:card\" content=\"summary_large_image\" \/>\n<meta name=\"twitter:label1\" content=\"Dur\u00e9e de lecture estim\u00e9e\" \/>\n\t<meta name=\"twitter:data1\" content=\"1 minute\" \/>\n<script type=\"application\/ld+json\" class=\"yoast-schema-graph\">{\"@context\":\"https:\/\/schema.org\",\"@graph\":[{\"@type\":\"WebPage\",\"@id\":\"https:\/\/arthenon.com\/fr\/produit\/carte-postale-rue-daubigny-colorisee\/\",\"url\":\"https:\/\/arthenon.com\/fr\/produit\/carte-postale-rue-daubigny-colorisee\/\",\"name\":\"Carte postale Rue Daubigny - Coloris\u00e9e - arth\u00e9non\",\"isPartOf\":{\"@id\":\"https:\/\/arthenon.com\/fr\/#website\"},\"primaryImageOfPage\":{\"@id\":\"https:\/\/arthenon.com\/fr\/produit\/carte-postale-rue-daubigny-colorisee\/#primaryimage\"},\"image\":{\"@id\":\"https:\/\/arthenon.com\/fr\/produit\/carte-postale-rue-daubigny-colorisee\/#primaryimage\"},\"thumbnailUrl\":\"https:\/\/arthenon.com\/wp-content\/uploads\/2021\/04\/20210413_Carte-Racines_01.jpg\",\"datePublished\":\"2021-04-13T20:53:34+00:00\",\"dateModified\":\"2025-06-03T11:10:01+00:00\",\"description\":\"Carte postale repr\u00e9sentant la Rue Daubigny, \u00e0 Auvers-sur-Oise, avec l'endroit pr\u00e9cis o\u00f9 Van Gogh a peint son dernier tableau.\",\"breadcrumb\":{\"@id\":\"https:\/\/arthenon.com\/fr\/produit\/carte-postale-rue-daubigny-colorisee\/#breadcrumb\"},\"inLanguage\":\"fr-FR\",\"potentialAction\":[{\"@type\":\"ReadAction\",\"target\":[\"https:\/\/arthenon.com\/fr\/produit\/carte-postale-rue-daubigny-colorisee\/\"]}]},{\"@type\":\"ImageObject\",\"inLanguage\":\"fr-FR\",\"@id\":\"https:\/\/arthenon.com\/fr\/produit\/carte-postale-rue-daubigny-colorisee\/#primaryimage\",\"url\":\"https:\/\/arthenon.com\/wp-content\/uploads\/2021\/04\/20210413_Carte-Racines_01.jpg\",\"contentUrl\":\"https:\/\/arthenon.com\/wp-content\/uploads\/2021\/04\/20210413_Carte-Racines_01.jpg\",\"width\":2048,\"height\":1260,\"caption\":\"Reproduction de la carte postale de la Rue Daubigny avec colorisation\"},{\"@type\":\"BreadcrumbList\",\"@id\":\"https:\/\/arthenon.com\/fr\/produit\/carte-postale-rue-daubigny-colorisee\/#breadcrumb\",\"itemListElement\":[{\"@type\":\"ListItem\",\"position\":1,\"name\":\"Home\",\"item\":\"https:\/\/arthenon.com\/fr\/\"},{\"@type\":\"ListItem\",\"position\":2,\"name\":\"Boutique\",\"item\":\"https:\/\/arthenon.com\/fr\/boutique\/\"},{\"@type\":\"ListItem\",\"position\":3,\"name\":\"Carte postale Rue Daubigny &#8211; Coloris\u00e9e\"}]},{\"@type\":\"WebSite\",\"@id\":\"https:\/\/arthenon.com\/fr\/#website\",\"url\":\"https:\/\/arthenon.com\/fr\/\",\"name\":\"arth\u00e9non\",\"description\":\"livres libres\",\"potentialAction\":[{\"@type\":\"SearchAction\",\"target\":{\"@type\":\"EntryPoint\",\"urlTemplate\":\"https:\/\/arthenon.com\/fr\/?s={search_term_string}\"},\"query-input\":{\"@type\":\"PropertyValueSpecification\",\"valueRequired\":true,\"valueName\":\"search_term_string\"}}],\"inLanguage\":\"fr-FR\"}]}<\/script>\n<!-- \/ Yoast SEO plugin. -->","yoast_head_json":{"title":"Carte postale Rue Daubigny - Coloris\u00e9e - arth\u00e9non","description":"Carte postale repr\u00e9sentant la Rue Daubigny, \u00e0 Auvers-sur-Oise, avec l'endroit pr\u00e9cis o\u00f9 Van Gogh a peint son dernier tableau.","robots":{"index":"index","follow":"follow","max-snippet":"max-snippet:-1","max-image-preview":"max-image-preview:large","max-video-preview":"max-video-preview:-1"},"canonical":"https:\/\/arthenon.com\/fr\/produit\/carte-postale-rue-daubigny-colorisee\/","og_locale":"fr_FR","og_type":"article","og_title":"Carte postale Rue Daubigny - Coloris\u00e9e - arth\u00e9non","og_description":"Carte postale repr\u00e9sentant la Rue Daubigny, \u00e0 Auvers-sur-Oise, avec l'endroit pr\u00e9cis o\u00f9 Van Gogh a peint son dernier tableau.","og_url":"https:\/\/arthenon.com\/fr\/produit\/carte-postale-rue-daubigny-colorisee\/","og_site_name":"arth\u00e9non","article_modified_time":"2025-06-03T11:10:01+00:00","og_image":[{"width":2048,"height":1260,"url":"https:\/\/arthenon.com\/wp-content\/uploads\/2021\/04\/20210413_Carte-Racines_01.jpg","type":"image\/jpeg"}],"twitter_card":"summary_large_image","twitter_misc":{"Dur\u00e9e de lecture estim\u00e9e":"1 minute"},"schema":{"@context":"https:\/\/schema.org","@graph":[{"@type":"WebPage","@id":"https:\/\/arthenon.com\/fr\/produit\/carte-postale-rue-daubigny-colorisee\/","url":"https:\/\/arthenon.com\/fr\/produit\/carte-postale-rue-daubigny-colorisee\/","name":"Carte postale Rue Daubigny - Coloris\u00e9e - arth\u00e9non","isPartOf":{"@id":"https:\/\/arthenon.com\/fr\/#website"},"primaryImageOfPage":{"@id":"https:\/\/arthenon.com\/fr\/produit\/carte-postale-rue-daubigny-colorisee\/#primaryimage"},"image":{"@id":"https:\/\/arthenon.com\/fr\/produit\/carte-postale-rue-daubigny-colorisee\/#primaryimage"},"thumbnailUrl":"https:\/\/arthenon.com\/wp-content\/uploads\/2021\/04\/20210413_Carte-Racines_01.jpg","datePublished":"2021-04-13T20:53:34+00:00","dateModified":"2025-06-03T11:10:01+00:00","description":"Carte postale repr\u00e9sentant la Rue Daubigny, \u00e0 Auvers-sur-Oise, avec l'endroit pr\u00e9cis o\u00f9 Van Gogh a peint son dernier tableau.","breadcrumb":{"@id":"https:\/\/arthenon.com\/fr\/produit\/carte-postale-rue-daubigny-colorisee\/#breadcrumb"},"inLanguage":"fr-FR","potentialAction":[{"@type":"ReadAction","target":["https:\/\/arthenon.com\/fr\/produit\/carte-postale-rue-daubigny-colorisee\/"]}]},{"@type":"ImageObject","inLanguage":"fr-FR","@id":"https:\/\/arthenon.com\/fr\/produit\/carte-postale-rue-daubigny-colorisee\/#primaryimage","url":"https:\/\/arthenon.com\/wp-content\/uploads\/2021\/04\/20210413_Carte-Racines_01.jpg","contentUrl":"https:\/\/arthenon.com\/wp-content\/uploads\/2021\/04\/20210413_Carte-Racines_01.jpg","width":2048,"height":1260,"caption":"Reproduction de la carte postale de la Rue Daubigny avec colorisation"},{"@type":"BreadcrumbList","@id":"https:\/\/arthenon.com\/fr\/produit\/carte-postale-rue-daubigny-colorisee\/#breadcrumb","itemListElement":[{"@type":"ListItem","position":1,"name":"Home","item":"https:\/\/arthenon.com\/fr\/"},{"@type":"ListItem","position":2,"name":"Boutique","item":"https:\/\/arthenon.com\/fr\/boutique\/"},{"@type":"ListItem","position":3,"name":"Carte postale Rue Daubigny &#8211; Coloris\u00e9e"}]},{"@type":"WebSite","@id":"https:\/\/arthenon.com\/fr\/#website","url":"https:\/\/arthenon.com\/fr\/","name":"arth\u00e9non","description":"livres libres","potentialAction":[{"@type":"SearchAction","target":{"@type":"EntryPoint","urlTemplate":"https:\/\/arthenon.com\/fr\/?s={search_term_string}"},"query-input":{"@type":"PropertyValueSpecification","valueRequired":true,"valueName":"search_term_string"}}],"inLanguage":"fr-FR"}]}},"_links":{"self":[{"href":"https:\/\/arthenon.com\/fr\/wp-json\/wp\/v2\/product\/1139","targetHints":{"allow":["GET"]}}],"collection":[{"href":"https:\/\/arthenon.com\/fr\/wp-json\/wp\/v2\/product"}],"about":[{"href":"https:\/\/arthenon.com\/fr\/wp-json\/wp\/v2\/types\/product"}],"wp:featuredmedia":[{"embeddable":true,"href":"https:\/\/arthenon.com\/fr\/wp-json\/wp\/v2\/media\/1113"}],"wp:attachment":[{"href":"https:\/\/arthenon.com\/fr\/wp-json\/wp\/v2\/media?parent=1139"}],"wp:term":[{"taxonomy":"product_brand","embeddable":true,"href":"https:\/\/arthenon.com\/fr\/wp-json\/wp\/v2\/product_brand?post=1139"},{"taxonomy":"product_cat","embeddable":true,"href":"https:\/\/arthenon.com\/fr\/wp-json\/wp\/v2\/product_cat?post=1139"},{"taxonomy":"product_tag","embeddable":true,"href":"https:\/\/arthenon.com\/fr\/wp-json\/wp\/v2\/product_tag?post=1139"}],"curies":[{"name":"wp","href":"https:\/\/api.w.org\/{rel}","templated":true}]}}