{"id":390,"date":"2020-07-30T01:22:36","date_gmt":"2020-07-29T23:22:36","guid":{"rendered":"https:\/\/arthenon.com\/?page_id=390"},"modified":"2020-08-24T10:51:51","modified_gmt":"2020-08-24T08:51:51","slug":"mentions-legales","status":"publish","type":"page","link":"https:\/\/arthenon.com\/fr\/mentions-legales\/","title":{"rendered":"Mentions l\u00e9gales"},"content":{"rendered":"\n<p><strong>Identification<\/strong><\/p>\n\n\n\n<ul class=\"wp-block-list\"><li>arth\u00e9non<\/li><li>15 all\u00e9e Richard Wagner<\/li><li>contact@arthenon.com<\/li><li>SARL au capital de 75k\u20ac<\/li><li>Dirigeant : Wouter van der Veen<\/li><li>H\u00e9berg\u00e9 chez OVH<\/li><li>485 515 432 RCS Strasbourg<\/li><li>N\u00b0TVA : FR47484515432<\/li><\/ul>\n","protected":false},"excerpt":{"rendered":"<p>Identification arth\u00e9non 15 all\u00e9e Richard Wagner contact@arthenon.com SARL au capital de 75k\u20ac Dirigeant : Wouter van der Veen H\u00e9berg\u00e9 chez OVH 485 515 432 RCS Strasbourg N\u00b0TVA : FR47484515432<\/p>\n","protected":false},"author":2,"featured_media":0,"parent":0,"menu_order":0,"comment_status":"closed","ping_status":"closed","template":"","meta":{"_et_pb_use_builder":"","_et_pb_old_content":"","_et_gb_content_width":"","footnotes":""},"class_list":["post-390","page","type-page","status-publish","hentry"],"yoast_head":"<!-- This site is optimized with the Yoast SEO plugin v27.1.1 - https:\/\/yoast.com\/product\/yoast-seo-wordpress\/ -->\n<title>Mentions l\u00e9gales - arth\u00e9non<\/title>\n<meta name=\"robots\" content=\"index, follow, max-snippet:-1, max-image-preview:large, max-video-preview:-1\" \/>\n<link rel=\"canonical\" href=\"https:\/\/arthenon.com\/fr\/mentions-legales\/\" \/>\n<meta property=\"og:locale\" content=\"fr_FR\" \/>\n<meta property=\"og:type\" content=\"article\" \/>\n<meta property=\"og:title\" content=\"Mentions l\u00e9gales - arth\u00e9non\" \/>\n<meta property=\"og:description\" content=\"Identification arth\u00e9non 15 all\u00e9e Richard Wagner contact@arthenon.com SARL au capital de 75k\u20ac Dirigeant : Wouter van der Veen H\u00e9berg\u00e9 chez OVH 485 515 432 RCS Strasbourg N\u00b0TVA : FR47484515432\" \/>\n<meta property=\"og:url\" content=\"https:\/\/arthenon.com\/fr\/mentions-legales\/\" \/>\n<meta property=\"og:site_name\" content=\"arth\u00e9non\" \/>\n<meta property=\"article:modified_time\" content=\"2020-08-24T08:51:51+00:00\" \/>\n<meta name=\"twitter:card\" content=\"summary_large_image\" \/>\n<script type=\"application\/ld+json\" class=\"yoast-schema-graph\">{\"@context\":\"https:\/\/schema.org\",\"@graph\":[{\"@type\":\"WebPage\",\"@id\":\"https:\/\/arthenon.com\/fr\/mentions-legales\/\",\"url\":\"https:\/\/arthenon.com\/fr\/mentions-legales\/\",\"name\":\"Mentions l\u00e9gales - arth\u00e9non\",\"isPartOf\":{\"@id\":\"https:\/\/arthenon.com\/en\/#website\"},\"datePublished\":\"2020-07-29T23:22:36+00:00\",\"dateModified\":\"2020-08-24T08:51:51+00:00\",\"breadcrumb\":{\"@id\":\"https:\/\/arthenon.com\/fr\/mentions-legales\/#breadcrumb\"},\"inLanguage\":\"fr-FR\",\"potentialAction\":[{\"@type\":\"ReadAction\",\"target\":[\"https:\/\/arthenon.com\/fr\/mentions-legales\/\"]}]},{\"@type\":\"BreadcrumbList\",\"@id\":\"https:\/\/arthenon.com\/fr\/mentions-legales\/#breadcrumb\",\"itemListElement\":[{\"@type\":\"ListItem\",\"position\":1,\"name\":\"Home\",\"item\":\"http:\/\/arthenon.com\/fr\/\"},{\"@type\":\"ListItem\",\"position\":2,\"name\":\"Mentions l\u00e9gales\"}]},{\"@type\":\"WebSite\",\"@id\":\"https:\/\/arthenon.com\/en\/#website\",\"url\":\"https:\/\/arthenon.com\/en\/\",\"name\":\"arth\u00e9non\",\"description\":\"livres libres\",\"potentialAction\":[{\"@type\":\"SearchAction\",\"target\":{\"@type\":\"EntryPoint\",\"urlTemplate\":\"https:\/\/arthenon.com\/en\/?s={search_term_string}\"},\"query-input\":{\"@type\":\"PropertyValueSpecification\",\"valueRequired\":true,\"valueName\":\"search_term_string\"}}],\"inLanguage\":\"fr-FR\"}]}<\/script>\n<!-- \/ Yoast SEO plugin. -->","yoast_head_json":{"title":"Mentions l\u00e9gales - arth\u00e9non","robots":{"index":"index","follow":"follow","max-snippet":"max-snippet:-1","max-image-preview":"max-image-preview:large","max-video-preview":"max-video-preview:-1"},"canonical":"https:\/\/arthenon.com\/fr\/mentions-legales\/","og_locale":"fr_FR","og_type":"article","og_title":"Mentions l\u00e9gales - arth\u00e9non","og_description":"Identification arth\u00e9non 15 all\u00e9e Richard Wagner contact@arthenon.com SARL au capital de 75k\u20ac Dirigeant : Wouter van der Veen H\u00e9berg\u00e9 chez OVH 485 515 432 RCS Strasbourg N\u00b0TVA : FR47484515432","og_url":"https:\/\/arthenon.com\/fr\/mentions-legales\/","og_site_name":"arth\u00e9non","article_modified_time":"2020-08-24T08:51:51+00:00","twitter_card":"summary_large_image","schema":{"@context":"https:\/\/schema.org","@graph":[{"@type":"WebPage","@id":"https:\/\/arthenon.com\/fr\/mentions-legales\/","url":"https:\/\/arthenon.com\/fr\/mentions-legales\/","name":"Mentions l\u00e9gales - arth\u00e9non","isPartOf":{"@id":"https:\/\/arthenon.com\/en\/#website"},"datePublished":"2020-07-29T23:22:36+00:00","dateModified":"2020-08-24T08:51:51+00:00","breadcrumb":{"@id":"https:\/\/arthenon.com\/fr\/mentions-legales\/#breadcrumb"},"inLanguage":"fr-FR","potentialAction":[{"@type":"ReadAction","target":["https:\/\/arthenon.com\/fr\/mentions-legales\/"]}]},{"@type":"BreadcrumbList","@id":"https:\/\/arthenon.com\/fr\/mentions-legales\/#breadcrumb","itemListElement":[{"@type":"ListItem","position":1,"name":"Home","item":"http:\/\/arthenon.com\/fr\/"},{"@type":"ListItem","position":2,"name":"Mentions l\u00e9gales"}]},{"@type":"WebSite","@id":"https:\/\/arthenon.com\/en\/#website","url":"https:\/\/arthenon.com\/en\/","name":"arth\u00e9non","description":"livres libres","potentialAction":[{"@type":"SearchAction","target":{"@type":"EntryPoint","urlTemplate":"https:\/\/arthenon.com\/en\/?s={search_term_string}"},"query-input":{"@type":"PropertyValueSpecification","valueRequired":true,"valueName":"search_term_string"}}],"inLanguage":"fr-FR"}]}},"_links":{"self":[{"href":"https:\/\/arthenon.com\/fr\/wp-json\/wp\/v2\/pages\/390","targetHints":{"allow":["GET"]}}],"collection":[{"href":"https:\/\/arthenon.com\/fr\/wp-json\/wp\/v2\/pages"}],"about":[{"href":"https:\/\/arthenon.com\/fr\/wp-json\/wp\/v2\/types\/page"}],"author":[{"embeddable":true,"href":"https:\/\/arthenon.com\/fr\/wp-json\/wp\/v2\/users\/2"}],"replies":[{"embeddable":true,"href":"https:\/\/arthenon.com\/fr\/wp-json\/wp\/v2\/comments?post=390"}],"version-history":[{"count":0,"href":"https:\/\/arthenon.com\/fr\/wp-json\/wp\/v2\/pages\/390\/revisions"}],"wp:attachment":[{"href":"https:\/\/arthenon.com\/fr\/wp-json\/wp\/v2\/media?parent=390"}],"curies":[{"name":"wp","href":"https:\/\/api.w.org\/{rel}","templated":true}]}}