{"id":1868,"date":"2023-04-13T13:44:27","date_gmt":"2023-04-13T11:44:27","guid":{"rendered":"https:\/\/arthenon.com\/?page_id=1868"},"modified":"2023-09-13T17:38:05","modified_gmt":"2023-09-13T15:38:05","slug":"des-arbres-et-du-ciel","status":"publish","type":"page","link":"https:\/\/arthenon.com\/fr\/des-arbres-et-du-ciel\/","title":{"rendered":"Des arbres et du ciel"},"content":{"rendered":"<p>[et_pb_section fb_built=\u00a0\u00bb1&Prime; _builder_version=\u00a0\u00bb4.20.4&Prime; _module_preset=\u00a0\u00bbdefault\u00a0\u00bb global_colors_info=\u00a0\u00bb{}\u00a0\u00bb][et_pb_row column_structure=\u00a0\u00bb1_2,1_2&Prime; _builder_version=\u00a0\u00bb4.20.4&Prime; _module_preset=\u00a0\u00bbdefault\u00a0\u00bb global_colors_info=\u00a0\u00bb{}\u00a0\u00bb][et_pb_column type=\u00a0\u00bb1_2&Prime; _builder_version=\u00a0\u00bb4.20.4&Prime; _module_preset=\u00a0\u00bbdefault\u00a0\u00bb global_colors_info=\u00a0\u00bb{}\u00a0\u00bb][et_pb_image src=\u00a0\u00bbhttps:\/\/arthenon.com\/wp-content\/uploads\/2023\/04\/2023413_Livre-arbres_Livre_01s.jpg\u00a0\u00bb title_text=\u00a0\u00bb2023413_Livre-arbres_Livre_01s\u00a0\u00bb _builder_version=\u00a0\u00bb4.20.4&Prime; _module_preset=\u00a0\u00bbdefault\u00a0\u00bb global_colors_info=\u00a0\u00bb{}\u00a0\u00bb][\/et_pb_image][et_pb_text _builder_version=\u00a0\u00bb4.20.4&Prime; _module_preset=\u00a0\u00bbdefault\u00a0\u00bb global_colors_info=\u00a0\u00bb{}\u00a0\u00bb]<\/p>\n<p><span style=\"font-size: x-large; color: #000b63;\"><strong>Des arbres et du ciel<\/strong><\/span> est un livre num\u00e9rique retra\u00e7ant 7 ann\u00e9es de prises de vue au service de l&rsquo;image de marque du Groupe Quinze &#8211; Gestion Priv\u00e9e.<\/p>\n<p><strong><img decoding=\"async\" data-src=\"https:\/\/arthenon.com\/wp-content\/uploads\/2023\/04\/20180216_logos-Groupe-Quinze_bleu8-1024x488.png\" width=\"1024\" height=\"488\" alt=\"\" class=\"wp-image-1955 alignnone size-large lazyload\" data-srcset=\"https:\/\/arthenon.com\/wp-content\/uploads\/2023\/04\/20180216_logos-Groupe-Quinze_bleu8-980x467.png 980w, https:\/\/arthenon.com\/wp-content\/uploads\/2023\/04\/20180216_logos-Groupe-Quinze_bleu8-480x229.png 480w\" data-sizes=\"(min-width: 0px) and (max-width: 480px) 480px, (min-width: 481px) and (max-width: 980px) 980px, (min-width: 981px) 1024px, 100vw\" src=\"data:image\/svg+xml;base64,PHN2ZyB3aWR0aD0iMSIgaGVpZ2h0PSIxIiB4bWxucz0iaHR0cDovL3d3dy53My5vcmcvMjAwMC9zdmciPjwvc3ZnPg==\" style=\"--smush-placeholder-width: 1024px; --smush-placeholder-aspect-ratio: 1024\/488;\" \/><\/strong>Cela avait commenc\u00e9 comme une id\u00e9e. C&rsquo;est devenu un projet. Aujourd&rsquo;hui, c&rsquo;est une \u0153uvre.<\/p>\n<p>Ci-dessous, quelques exemples vous permettent d&rsquo;explorer mes derniers voyages \u00e0 travers branches et nuages \u00e0 la recherche des visuels qui accompagnent les communications du Groupe Quinze &#8211; Gestion Priv\u00e9e.<\/p>\n<p>[\/et_pb_text][et_pb_divider _builder_version=\u00a0\u00bb4.20.4&Prime; _module_preset=\u00a0\u00bbdefault\u00a0\u00bb global_colors_info=\u00a0\u00bb{}\u00a0\u00bb][\/et_pb_divider][et_pb_text _builder_version=\u00a0\u00bb4.20.4&Prime; _module_preset=\u00a0\u00bbdefault\u00a0\u00bb global_colors_info=\u00a0\u00bb{}\u00a0\u00bb]<\/p>\n<p><em>Cassis, hiver 2023<\/em><\/p>\n<p>[\/et_pb_text][et_pb_gallery gallery_ids=\u00a0\u00bb1979,1981,1983,1985,1987,1989,1991,1993,1995,1997,1999,2001,2003,2005,2007,2009,2011,2013,2015,2017,2019,2021,2023,2025,2027,2029,2031,2033,2035,2037,2039,2041,2043,2045&Prime; posts_number=\u00a0\u00bb1&Prime; show_title_and_caption=\u00a0\u00bboff\u00a0\u00bb _builder_version=\u00a0\u00bb4.22.1&Prime; _module_preset=\u00a0\u00bbdefault\u00a0\u00bb hover_enabled=\u00a0\u00bb0&Prime; global_colors_info=\u00a0\u00bb{}\u00a0\u00bb sticky_enabled=\u00a0\u00bb0&Prime;][\/et_pb_gallery][et_pb_divider _builder_version=\u00a0\u00bb4.20.4&Prime; _module_preset=\u00a0\u00bbdefault\u00a0\u00bb custom_padding=\u00a0\u00bb||0px|||\u00a0\u00bb global_colors_info=\u00a0\u00bb{}\u00a0\u00bb][\/et_pb_divider][et_pb_text _builder_version=\u00a0\u00bb4.20.4&Prime; _module_preset=\u00a0\u00bbdefault\u00a0\u00bb global_colors_info=\u00a0\u00bb{}\u00a0\u00bb]<\/p>\n<p><em>Pays-Bas, automne 2021<\/em><\/p>\n<p>[\/et_pb_text][et_pb_gallery gallery_ids=\u00a0\u00bb1923,1899,1901,1907,1903,1905,1911,1913,1915,1919,1921,1925,1927,1929,1895,1897&Prime; posts_number=\u00a0\u00bb2&Prime; show_title_and_caption=\u00a0\u00bboff\u00a0\u00bb _builder_version=\u00a0\u00bb4.20.4&Prime; _module_preset=\u00a0\u00bbdefault\u00a0\u00bb global_colors_info=\u00a0\u00bb{}\u00a0\u00bb][\/et_pb_gallery][\/et_pb_column][et_pb_column type=\u00a0\u00bb1_2&Prime; _builder_version=\u00a0\u00bb4.20.4&Prime; _module_preset=\u00a0\u00bbdefault\u00a0\u00bb global_colors_info=\u00a0\u00bb{}\u00a0\u00bb][et_pb_image src=\u00a0\u00bbhttps:\/\/arthenon.com\/wp-content\/uploads\/2023\/04\/IMG_2427small-1.jpg\u00a0\u00bb title_text=\u00a0\u00bbCassis 17&Prime; show_in_lightbox=\u00a0\u00bbon\u00a0\u00bb src_last_edited=\u00a0\u00bboff|desktop\u00a0\u00bb _builder_version=\u00a0\u00bb4.20.4&Prime; _module_preset=\u00a0\u00bbdefault\u00a0\u00bb global_colors_info=\u00a0\u00bb{}\u00a0\u00bb src__hover_enabled=\u00a0\u00bboff|desktop\u00a0\u00bb][\/et_pb_image][et_pb_cta title=\u00a0\u00bbDes arbres et du ciel\u00a0\u00bb button_url=\u00a0\u00bbhttps:\/\/arthenon.com\/wp-content\/uploads\/2023\/05\/20230509_Livre-Arbres_inter_01.pdf\u00a0\u00bb url_new_window=\u00a0\u00bbon\u00a0\u00bb button_text=\u00a0\u00bbConsulter &#8211; T\u00e9l\u00e9charger\u00a0\u00bb _builder_version=\u00a0\u00bb4.21.0&Prime; _module_preset=\u00a0\u00bbdefault\u00a0\u00bb global_colors_info=\u00a0\u00bb{}\u00a0\u00bb]<\/p>\n<p>Photographies de Wouter van der Veen<\/p>\n<p>[\/et_pb_cta][et_pb_divider _builder_version=\u00a0\u00bb4.21.0&Prime; _module_preset=\u00a0\u00bbdefault\u00a0\u00bb global_colors_info=\u00a0\u00bb{}\u00a0\u00bb][\/et_pb_divider][et_pb_text _builder_version=\u00a0\u00bb4.21.0&Prime; _module_preset=\u00a0\u00bbdefault\u00a0\u00bb global_colors_info=\u00a0\u00bb{}\u00a0\u00bb]<\/p>\n<p><em>Wangenbourg &amp; Montargis, 2023<\/em><\/p>\n<p>[\/et_pb_text][et_pb_gallery gallery_ids=\u00a0\u00bb2575,2573,2571,2569,2565,2563,2561,2557,2553,2551,2549,2543,2531,2535,2537,2519,2525,2511,2509,2523&Prime; gallery_orderby=\u00a0\u00bbrand\u00a0\u00bb posts_number=\u00a0\u00bb2&Prime; show_title_and_caption=\u00a0\u00bboff\u00a0\u00bb _builder_version=\u00a0\u00bb4.21.0&Prime; _module_preset=\u00a0\u00bbdefault\u00a0\u00bb global_colors_info=\u00a0\u00bb{}\u00a0\u00bb][\/et_pb_gallery][\/et_pb_column][\/et_pb_row][\/et_pb_section]<\/p>\n","protected":false},"excerpt":{"rendered":"<p>Des arbres et du ciel est un livre num\u00e9rique retra\u00e7ant 7 ann\u00e9es de prises de vue au service de l&rsquo;image de marque du Groupe Quinze &#8211; Gestion Priv\u00e9e. Cela avait commenc\u00e9 comme une id\u00e9e. C&rsquo;est devenu un projet. Aujourd&rsquo;hui, c&rsquo;est une \u0153uvre. Ci-dessous, quelques exemples vous permettent d&rsquo;explorer mes derniers voyages \u00e0 travers branches et [&hellip;]<\/p>\n","protected":false},"author":2,"featured_media":2001,"parent":0,"menu_order":0,"comment_status":"closed","ping_status":"closed","template":"","meta":{"_et_pb_use_builder":"on","_et_pb_old_content":"","_et_gb_content_width":"1080","footnotes":""},"class_list":["post-1868","page","type-page","status-publish","has-post-thumbnail","hentry"],"yoast_head":"<!-- This site is optimized with the Yoast SEO plugin v27.1.1 - https:\/\/yoast.com\/product\/yoast-seo-wordpress\/ -->\n<title>Des arbres et du ciel - arth\u00e9non<\/title>\n<meta name=\"robots\" content=\"index, follow, max-snippet:-1, max-image-preview:large, max-video-preview:-1\" \/>\n<link rel=\"canonical\" href=\"https:\/\/arthenon.com\/fr\/des-arbres-et-du-ciel\/\" \/>\n<meta property=\"og:locale\" content=\"fr_FR\" \/>\n<meta property=\"og:type\" content=\"article\" \/>\n<meta property=\"og:title\" content=\"Des arbres et du ciel - arth\u00e9non\" \/>\n<meta property=\"og:description\" content=\"Des arbres et du ciel est un livre num\u00e9rique retra\u00e7ant 7 ann\u00e9es de prises de vue au service de l&#039;image de marque du Groupe Quinze - Gestion Priv\u00e9e. Cela avait commenc\u00e9 comme une id\u00e9e. C&#039;est devenu un projet. Aujourd&#039;hui, c&#039;est une \u0153uvre. Ci-dessous, quelques exemples vous permettent d&#039;explorer mes derniers voyages \u00e0 travers branches et [&hellip;]\" \/>\n<meta property=\"og:url\" content=\"https:\/\/arthenon.com\/fr\/des-arbres-et-du-ciel\/\" \/>\n<meta property=\"og:site_name\" content=\"arth\u00e9non\" \/>\n<meta property=\"article:modified_time\" content=\"2023-09-13T15:38:05+00:00\" \/>\n<meta property=\"og:image\" content=\"https:\/\/arthenon.com\/wp-content\/uploads\/2023\/04\/IMG_2388.jpg\" \/>\n\t<meta property=\"og:image:width\" content=\"900\" \/>\n\t<meta property=\"og:image:height\" content=\"600\" \/>\n\t<meta property=\"og:image:type\" content=\"image\/jpeg\" \/>\n<meta name=\"twitter:card\" content=\"summary_large_image\" \/>\n<script type=\"application\/ld+json\" class=\"yoast-schema-graph\">{\"@context\":\"https:\/\/schema.org\",\"@graph\":[{\"@type\":\"WebPage\",\"@id\":\"https:\/\/arthenon.com\/fr\/des-arbres-et-du-ciel\/\",\"url\":\"https:\/\/arthenon.com\/fr\/des-arbres-et-du-ciel\/\",\"name\":\"Des arbres et du ciel - arth\u00e9non\",\"isPartOf\":{\"@id\":\"https:\/\/arthenon.com\/en\/#website\"},\"primaryImageOfPage\":{\"@id\":\"https:\/\/arthenon.com\/fr\/des-arbres-et-du-ciel\/#primaryimage\"},\"image\":{\"@id\":\"https:\/\/arthenon.com\/fr\/des-arbres-et-du-ciel\/#primaryimage\"},\"thumbnailUrl\":\"https:\/\/arthenon.com\/wp-content\/uploads\/2023\/04\/IMG_2388.jpg\",\"datePublished\":\"2023-04-13T11:44:27+00:00\",\"dateModified\":\"2023-09-13T15:38:05+00:00\",\"breadcrumb\":{\"@id\":\"https:\/\/arthenon.com\/fr\/des-arbres-et-du-ciel\/#breadcrumb\"},\"inLanguage\":\"fr-FR\",\"potentialAction\":[{\"@type\":\"ReadAction\",\"target\":[\"https:\/\/arthenon.com\/fr\/des-arbres-et-du-ciel\/\"]}]},{\"@type\":\"ImageObject\",\"inLanguage\":\"fr-FR\",\"@id\":\"https:\/\/arthenon.com\/fr\/des-arbres-et-du-ciel\/#primaryimage\",\"url\":\"https:\/\/arthenon.com\/wp-content\/uploads\/2023\/04\/IMG_2388.jpg\",\"contentUrl\":\"https:\/\/arthenon.com\/wp-content\/uploads\/2023\/04\/IMG_2388.jpg\",\"width\":900,\"height\":600},{\"@type\":\"BreadcrumbList\",\"@id\":\"https:\/\/arthenon.com\/fr\/des-arbres-et-du-ciel\/#breadcrumb\",\"itemListElement\":[{\"@type\":\"ListItem\",\"position\":1,\"name\":\"Home\",\"item\":\"http:\/\/arthenon.com\/fr\/\"},{\"@type\":\"ListItem\",\"position\":2,\"name\":\"Des arbres et du ciel\"}]},{\"@type\":\"WebSite\",\"@id\":\"https:\/\/arthenon.com\/en\/#website\",\"url\":\"https:\/\/arthenon.com\/en\/\",\"name\":\"arth\u00e9non\",\"description\":\"livres libres\",\"potentialAction\":[{\"@type\":\"SearchAction\",\"target\":{\"@type\":\"EntryPoint\",\"urlTemplate\":\"https:\/\/arthenon.com\/en\/?s={search_term_string}\"},\"query-input\":{\"@type\":\"PropertyValueSpecification\",\"valueRequired\":true,\"valueName\":\"search_term_string\"}}],\"inLanguage\":\"fr-FR\"}]}<\/script>\n<!-- \/ Yoast SEO plugin. -->","yoast_head_json":{"title":"Des arbres et du ciel - arth\u00e9non","robots":{"index":"index","follow":"follow","max-snippet":"max-snippet:-1","max-image-preview":"max-image-preview:large","max-video-preview":"max-video-preview:-1"},"canonical":"https:\/\/arthenon.com\/fr\/des-arbres-et-du-ciel\/","og_locale":"fr_FR","og_type":"article","og_title":"Des arbres et du ciel - arth\u00e9non","og_description":"Des arbres et du ciel est un livre num\u00e9rique retra\u00e7ant 7 ann\u00e9es de prises de vue au service de l'image de marque du Groupe Quinze - Gestion Priv\u00e9e. Cela avait commenc\u00e9 comme une id\u00e9e. C'est devenu un projet. Aujourd'hui, c'est une \u0153uvre. Ci-dessous, quelques exemples vous permettent d'explorer mes derniers voyages \u00e0 travers branches et [&hellip;]","og_url":"https:\/\/arthenon.com\/fr\/des-arbres-et-du-ciel\/","og_site_name":"arth\u00e9non","article_modified_time":"2023-09-13T15:38:05+00:00","og_image":[{"width":900,"height":600,"url":"https:\/\/arthenon.com\/wp-content\/uploads\/2023\/04\/IMG_2388.jpg","type":"image\/jpeg"}],"twitter_card":"summary_large_image","schema":{"@context":"https:\/\/schema.org","@graph":[{"@type":"WebPage","@id":"https:\/\/arthenon.com\/fr\/des-arbres-et-du-ciel\/","url":"https:\/\/arthenon.com\/fr\/des-arbres-et-du-ciel\/","name":"Des arbres et du ciel - arth\u00e9non","isPartOf":{"@id":"https:\/\/arthenon.com\/en\/#website"},"primaryImageOfPage":{"@id":"https:\/\/arthenon.com\/fr\/des-arbres-et-du-ciel\/#primaryimage"},"image":{"@id":"https:\/\/arthenon.com\/fr\/des-arbres-et-du-ciel\/#primaryimage"},"thumbnailUrl":"https:\/\/arthenon.com\/wp-content\/uploads\/2023\/04\/IMG_2388.jpg","datePublished":"2023-04-13T11:44:27+00:00","dateModified":"2023-09-13T15:38:05+00:00","breadcrumb":{"@id":"https:\/\/arthenon.com\/fr\/des-arbres-et-du-ciel\/#breadcrumb"},"inLanguage":"fr-FR","potentialAction":[{"@type":"ReadAction","target":["https:\/\/arthenon.com\/fr\/des-arbres-et-du-ciel\/"]}]},{"@type":"ImageObject","inLanguage":"fr-FR","@id":"https:\/\/arthenon.com\/fr\/des-arbres-et-du-ciel\/#primaryimage","url":"https:\/\/arthenon.com\/wp-content\/uploads\/2023\/04\/IMG_2388.jpg","contentUrl":"https:\/\/arthenon.com\/wp-content\/uploads\/2023\/04\/IMG_2388.jpg","width":900,"height":600},{"@type":"BreadcrumbList","@id":"https:\/\/arthenon.com\/fr\/des-arbres-et-du-ciel\/#breadcrumb","itemListElement":[{"@type":"ListItem","position":1,"name":"Home","item":"http:\/\/arthenon.com\/fr\/"},{"@type":"ListItem","position":2,"name":"Des arbres et du ciel"}]},{"@type":"WebSite","@id":"https:\/\/arthenon.com\/en\/#website","url":"https:\/\/arthenon.com\/en\/","name":"arth\u00e9non","description":"livres libres","potentialAction":[{"@type":"SearchAction","target":{"@type":"EntryPoint","urlTemplate":"https:\/\/arthenon.com\/en\/?s={search_term_string}"},"query-input":{"@type":"PropertyValueSpecification","valueRequired":true,"valueName":"search_term_string"}}],"inLanguage":"fr-FR"}]}},"_links":{"self":[{"href":"https:\/\/arthenon.com\/fr\/wp-json\/wp\/v2\/pages\/1868","targetHints":{"allow":["GET"]}}],"collection":[{"href":"https:\/\/arthenon.com\/fr\/wp-json\/wp\/v2\/pages"}],"about":[{"href":"https:\/\/arthenon.com\/fr\/wp-json\/wp\/v2\/types\/page"}],"author":[{"embeddable":true,"href":"https:\/\/arthenon.com\/fr\/wp-json\/wp\/v2\/users\/2"}],"replies":[{"embeddable":true,"href":"https:\/\/arthenon.com\/fr\/wp-json\/wp\/v2\/comments?post=1868"}],"version-history":[{"count":36,"href":"https:\/\/arthenon.com\/fr\/wp-json\/wp\/v2\/pages\/1868\/revisions"}],"predecessor-version":[{"id":2663,"href":"https:\/\/arthenon.com\/fr\/wp-json\/wp\/v2\/pages\/1868\/revisions\/2663"}],"wp:featuredmedia":[{"embeddable":true,"href":"https:\/\/arthenon.com\/fr\/wp-json\/wp\/v2\/media\/2001"}],"wp:attachment":[{"href":"https:\/\/arthenon.com\/fr\/wp-json\/wp\/v2\/media?parent=1868"}],"curies":[{"name":"wp","href":"https:\/\/api.w.org\/{rel}","templated":true}]}}