{"id":1178,"date":"2021-04-21T16:10:57","date_gmt":"2021-04-21T14:10:57","guid":{"rendered":"https:\/\/dev.arthenon.com\/?page_id=1178"},"modified":"2023-04-14T10:03:26","modified_gmt":"2023-04-14T08:03:26","slug":"1178-2","status":"publish","type":"page","link":"https:\/\/arthenon.com\/fr\/1178-2\/","title":{"rendered":"Wouter van der Veen"},"content":{"rendered":"<p>[et_pb_section fb_built=\u00a0\u00bb1&Prime; _builder_version=\u00a0\u00bb4.16&Prime; _module_preset=\u00a0\u00bbdefault\u00a0\u00bb global_colors_info=\u00a0\u00bb{}\u00a0\u00bb][et_pb_row column_structure=\u00a0\u00bb2_5,3_5&Prime; _builder_version=\u00a0\u00bb4.16&Prime; _module_preset=\u00a0\u00bbdefault\u00a0\u00bb global_colors_info=\u00a0\u00bb{}\u00a0\u00bb][et_pb_column type=\u00a0\u00bb2_5&Prime; _builder_version=\u00a0\u00bb4.16&Prime; _module_preset=\u00a0\u00bbdefault\u00a0\u00bb global_colors_info=\u00a0\u00bb{}\u00a0\u00bb][et_pb_image src=\u00a0\u00bbhttps:\/\/arthenon.com\/wp-content\/uploads\/2021\/04\/Monogramme-Wouter.jpg\u00a0\u00bb title_text=\u00a0\u00bbMonogramme-Wouter\u00a0\u00bb _builder_version=\u00a0\u00bb4.16&Prime; _module_preset=\u00a0\u00bbdefault\u00a0\u00bb global_colors_info=\u00a0\u00bb{}\u00a0\u00bb][\/et_pb_image][et_pb_image src=\u00a0\u00bbhttps:\/\/arthenon.com\/wp-content\/uploads\/2021\/04\/DSC5986-Web.jpg\u00a0\u00bb alt=\u00a0\u00bbWouter Van der Veen pr\u00e9sente la carte postale des Racines\u00a0\u00bb title_text=\u00a0\u00bbWouter van der Veen &#8211; Racines\u00a0\u00bb _builder_version=\u00a0\u00bb4.16&Prime; _module_preset=\u00a0\u00bbdefault\u00a0\u00bb global_colors_info=\u00a0\u00bb{}\u00a0\u00bb][\/et_pb_image][\/et_pb_column][et_pb_column type=\u00a0\u00bb3_5&Prime; _builder_version=\u00a0\u00bb4.16&Prime; _module_preset=\u00a0\u00bbdefault\u00a0\u00bb global_colors_info=\u00a0\u00bb{}\u00a0\u00bb][et_pb_text _builder_version=\u00a0\u00bb4.16&Prime; _module_preset=\u00a0\u00bbdefault\u00a0\u00bb global_colors_info=\u00a0\u00bb{}\u00a0\u00bb]<\/p>\n<h1>(Dr) Wouter van der Veen<\/h1>\n<p>Je suis n\u00e9 en 1974 \u00e0 Doorwerth, un petit village du bord du Rhin, aux Pays-Bas.<\/p>\n<p>En 1984, mon p\u00e8re a choisi de poursuivre sa carri\u00e8re en France. Apr\u00e8s une ann\u00e9e ou deux d&rsquo;acclimatation, je suis tomb\u00e9 profond\u00e9ment amoureux de mon pays d&rsquo;accueil, de sa langue et de sa culture.<\/p>\n<p>Apr\u00e8s des \u00e9tudes de Lettres, j&rsquo;ai eu la chance de trouver mon premier emploi au Mus\u00e9e Van Gogh d&rsquo;Amsterdam, o\u00f9 j&rsquo;\u00e9tais en charge de la transcription de la correspondance fran\u00e7aise du peintre\u00a0: 350 lettres couvrant les quatre derni\u00e8res ann\u00e9es de sa vie, celles qui auront fait sa gloire.<\/p>\n<p>J&rsquo;ai poursuivi mon parcours avec une th\u00e8se sur les sources litt\u00e9raires de Van Gogh \u00e0 l&rsquo;Universit\u00e9 d&rsquo;Utrecht. En 2004, j&rsquo;ai fond\u00e9 par passion les \u00c9ditions Arth\u00e9non. En 2008, j&rsquo;ai pris un poste de Ma\u00eetre de Conf\u00e9rences \u00e0 l&rsquo;Universit\u00e9 de Strasbourg \u2013 exp\u00e9rience que j&rsquo;ai interrompue apr\u00e8s 6 ans de bons et loyaux services.<\/p>\n<p>Auteur de nombreux livres et articles, scientifiques et grand public, jamais consensuel et port\u00e9 \u00e0 penser en dehors des clous, j&rsquo;ai eu la chance de faire une d\u00e9couverte majeure sur la fin de vie de Van Gogh en 2020, relay\u00e9e par les m\u00e9dias du monde entier.<\/p>\n<p>Aujourd&rsquo;hui, je suis actif en tant que chercheur, auteur et \u00e9diteur, en toute ind\u00e9pendance, associ\u00e9 ponctuellement au Mus\u00e9e d&rsquo;Orsay, au Mus\u00e9e Van Gogh, au Conseil D\u00e9partemental du Val d&rsquo;Oise, \u00e0 l&rsquo;Institut Van Gogh ou encore \u00e0 la Fondation Van Gogh Europe.<\/p>\n<p><a href=\"https:\/\/arthenon.com\/auteur-editeur-un-nouveau-modele\/\">Mon pari insens\u00e9<\/a> est de compter sur la bienveillance de mes lecteurs et spectateurs pour vivre de mes passions et de continuer \u00e0 partager les fruits de mes recherches \u2013 et de mon \u00e9merveillement.<\/p>\n<p>[\/et_pb_text][\/et_pb_column][\/et_pb_row][et_pb_row column_structure=\u00a0\u00bb1_4,1_4,1_4,1_4&Prime; _builder_version=\u00a0\u00bb4.16&Prime; _module_preset=\u00a0\u00bbdefault\u00a0\u00bb global_colors_info=\u00a0\u00bb{}\u00a0\u00bb][et_pb_column type=\u00a0\u00bb1_4&Prime; _builder_version=\u00a0\u00bb4.16&Prime; _module_preset=\u00a0\u00bbdefault\u00a0\u00bb global_colors_info=\u00a0\u00bb{}\u00a0\u00bb][et_pb_button button_url=\u00a0\u00bbhttps:\/\/www.youtube.com\/channel\/UCQEsPSGTlXvIp5i3Rra7h8w\u00a0\u00bb url_new_window=\u00a0\u00bbon\u00a0\u00bb button_text=\u00a0\u00bbSur YouTube\u00a0\u00bb _builder_version=\u00a0\u00bb4.16&Prime; _module_preset=\u00a0\u00bbdefault\u00a0\u00bb global_colors_info=\u00a0\u00bb{}\u00a0\u00bb][\/et_pb_button][\/et_pb_column][et_pb_column type=\u00a0\u00bb1_4&Prime; _builder_version=\u00a0\u00bb4.16&Prime; _module_preset=\u00a0\u00bbdefault\u00a0\u00bb global_colors_info=\u00a0\u00bb{}\u00a0\u00bb][et_pb_button button_url=\u00a0\u00bbhttps:\/\/www.qwant.com\/?client=brz-brave&#038;q=%22wouter+van+der+veen%22+gogh&#038;t=web\u00a0\u00bb url_new_window=\u00a0\u00bbon\u00a0\u00bb button_text=\u00a0\u00bbSur Internet\u00a0\u00bb _builder_version=\u00a0\u00bb4.16&Prime; _module_preset=\u00a0\u00bbdefault\u00a0\u00bb global_colors_info=\u00a0\u00bb{}\u00a0\u00bb][\/et_pb_button][\/et_pb_column][et_pb_column type=\u00a0\u00bb1_4&Prime; _builder_version=\u00a0\u00bb4.16&Prime; _module_preset=\u00a0\u00bbdefault\u00a0\u00bb global_colors_info=\u00a0\u00bb{}\u00a0\u00bb][et_pb_button button_url=\u00a0\u00bbhttps:\/\/arthenon.com\/fr\/livres-de-wouter-van-der-veen\/\u00a0\u00bb button_text=\u00a0\u00bbLivres num\u00e9riques gratuits\u00a0\u00bb _builder_version=\u00a0\u00bb4.16&Prime; _module_preset=\u00a0\u00bbdefault\u00a0\u00bb global_colors_info=\u00a0\u00bb{}\u00a0\u00bb][\/et_pb_button][\/et_pb_column][et_pb_column type=\u00a0\u00bb1_4&Prime; _builder_version=\u00a0\u00bb4.16&Prime; _module_preset=\u00a0\u00bbdefault\u00a0\u00bb global_colors_info=\u00a0\u00bb{}\u00a0\u00bb][et_pb_button button_url=\u00a0\u00bbhttps:\/\/arthenon.com\/fr\/shop\/\u00a0\u00bb button_text=\u00a0\u00bbLivres imprim\u00e9s &#038; cartes postales\u00a0\u00bb _builder_version=\u00a0\u00bb4.16&Prime; _module_preset=\u00a0\u00bbdefault\u00a0\u00bb global_colors_info=\u00a0\u00bb{}\u00a0\u00bb][\/et_pb_button][\/et_pb_column][\/et_pb_row][et_pb_row _builder_version=\u00a0\u00bb4.16&Prime; _module_preset=\u00a0\u00bbdefault\u00a0\u00bb global_colors_info=\u00a0\u00bb{}\u00a0\u00bb][et_pb_column type=\u00a0\u00bb4_4&Prime; _builder_version=\u00a0\u00bb4.16&Prime; _module_preset=\u00a0\u00bbdefault\u00a0\u00bb global_colors_info=\u00a0\u00bb{}\u00a0\u00bb][et_pb_video src=\u00a0\u00bbhttps:\/\/youtu.be\/0trslbuUdps\u00a0\u00bb _builder_version=\u00a0\u00bb4.16&Prime; _module_preset=\u00a0\u00bbdefault\u00a0\u00bb global_colors_info=\u00a0\u00bb{}\u00a0\u00bb][\/et_pb_video][\/et_pb_column][\/et_pb_row][\/et_pb_section]<\/p>\n","protected":false},"excerpt":{"rendered":"<p>(Dr) Wouter van der Veen Je suis n\u00e9 en 1974 \u00e0 Doorwerth, un petit village du bord du Rhin, aux Pays-Bas. En 1984, mon p\u00e8re a choisi de poursuivre sa carri\u00e8re en France. Apr\u00e8s une ann\u00e9e ou deux d&rsquo;acclimatation, je suis tomb\u00e9 profond\u00e9ment amoureux de mon pays d&rsquo;accueil, de sa langue et de sa culture. [&hellip;]<\/p>\n","protected":false},"author":2,"featured_media":0,"parent":0,"menu_order":0,"comment_status":"closed","ping_status":"closed","template":"","meta":{"_et_pb_use_builder":"on","_et_pb_old_content":"","_et_gb_content_width":"","footnotes":""},"class_list":["post-1178","page","type-page","status-publish","hentry"],"yoast_head":"<!-- This site is optimized with the Yoast SEO plugin v27.1.1 - https:\/\/yoast.com\/product\/yoast-seo-wordpress\/ -->\n<title>Wouter van der Veen - arth\u00e9non<\/title>\n<meta name=\"robots\" content=\"index, follow, max-snippet:-1, max-image-preview:large, max-video-preview:-1\" \/>\n<link rel=\"canonical\" href=\"https:\/\/arthenon.com\/fr\/1178-2\/\" \/>\n<meta property=\"og:locale\" content=\"fr_FR\" \/>\n<meta property=\"og:type\" content=\"article\" \/>\n<meta property=\"og:title\" content=\"Wouter van der Veen - arth\u00e9non\" \/>\n<meta property=\"og:description\" content=\"(Dr) Wouter van der Veen Je suis n\u00e9 en 1974 \u00e0 Doorwerth, un petit village du bord du Rhin, aux Pays-Bas. En 1984, mon p\u00e8re a choisi de poursuivre sa carri\u00e8re en France. Apr\u00e8s une ann\u00e9e ou deux d&#039;acclimatation, je suis tomb\u00e9 profond\u00e9ment amoureux de mon pays d&#039;accueil, de sa langue et de sa culture. [&hellip;]\" \/>\n<meta property=\"og:url\" content=\"https:\/\/arthenon.com\/fr\/1178-2\/\" \/>\n<meta property=\"og:site_name\" content=\"arth\u00e9non\" \/>\n<meta property=\"article:modified_time\" content=\"2023-04-14T08:03:26+00:00\" \/>\n<meta name=\"twitter:card\" content=\"summary_large_image\" \/>\n<meta name=\"twitter:label1\" content=\"Dur\u00e9e de lecture estim\u00e9e\" \/>\n\t<meta name=\"twitter:data1\" content=\"2 minutes\" \/>\n<script type=\"application\/ld+json\" class=\"yoast-schema-graph\">{\"@context\":\"https:\/\/schema.org\",\"@graph\":[{\"@type\":\"WebPage\",\"@id\":\"https:\/\/arthenon.com\/fr\/1178-2\/\",\"url\":\"https:\/\/arthenon.com\/fr\/1178-2\/\",\"name\":\"Wouter van der Veen - arth\u00e9non\",\"isPartOf\":{\"@id\":\"https:\/\/arthenon.com\/fr\/#website\"},\"datePublished\":\"2021-04-21T14:10:57+00:00\",\"dateModified\":\"2023-04-14T08:03:26+00:00\",\"breadcrumb\":{\"@id\":\"https:\/\/arthenon.com\/fr\/1178-2\/#breadcrumb\"},\"inLanguage\":\"fr-FR\",\"potentialAction\":[{\"@type\":\"ReadAction\",\"target\":[\"https:\/\/arthenon.com\/fr\/1178-2\/\"]}]},{\"@type\":\"BreadcrumbList\",\"@id\":\"https:\/\/arthenon.com\/fr\/1178-2\/#breadcrumb\",\"itemListElement\":[{\"@type\":\"ListItem\",\"position\":1,\"name\":\"Home\",\"item\":\"https:\/\/arthenon.com\/fr\/\"},{\"@type\":\"ListItem\",\"position\":2,\"name\":\"Wouter van der Veen\"}]},{\"@type\":\"WebSite\",\"@id\":\"https:\/\/arthenon.com\/fr\/#website\",\"url\":\"https:\/\/arthenon.com\/fr\/\",\"name\":\"arth\u00e9non\",\"description\":\"livres libres\",\"potentialAction\":[{\"@type\":\"SearchAction\",\"target\":{\"@type\":\"EntryPoint\",\"urlTemplate\":\"https:\/\/arthenon.com\/fr\/?s={search_term_string}\"},\"query-input\":{\"@type\":\"PropertyValueSpecification\",\"valueRequired\":true,\"valueName\":\"search_term_string\"}}],\"inLanguage\":\"fr-FR\"}]}<\/script>\n<!-- \/ Yoast SEO plugin. -->","yoast_head_json":{"title":"Wouter van der Veen - arth\u00e9non","robots":{"index":"index","follow":"follow","max-snippet":"max-snippet:-1","max-image-preview":"max-image-preview:large","max-video-preview":"max-video-preview:-1"},"canonical":"https:\/\/arthenon.com\/fr\/1178-2\/","og_locale":"fr_FR","og_type":"article","og_title":"Wouter van der Veen - arth\u00e9non","og_description":"(Dr) Wouter van der Veen Je suis n\u00e9 en 1974 \u00e0 Doorwerth, un petit village du bord du Rhin, aux Pays-Bas. En 1984, mon p\u00e8re a choisi de poursuivre sa carri\u00e8re en France. Apr\u00e8s une ann\u00e9e ou deux d'acclimatation, je suis tomb\u00e9 profond\u00e9ment amoureux de mon pays d'accueil, de sa langue et de sa culture. [&hellip;]","og_url":"https:\/\/arthenon.com\/fr\/1178-2\/","og_site_name":"arth\u00e9non","article_modified_time":"2023-04-14T08:03:26+00:00","twitter_card":"summary_large_image","twitter_misc":{"Dur\u00e9e de lecture estim\u00e9e":"2 minutes"},"schema":{"@context":"https:\/\/schema.org","@graph":[{"@type":"WebPage","@id":"https:\/\/arthenon.com\/fr\/1178-2\/","url":"https:\/\/arthenon.com\/fr\/1178-2\/","name":"Wouter van der Veen - arth\u00e9non","isPartOf":{"@id":"https:\/\/arthenon.com\/fr\/#website"},"datePublished":"2021-04-21T14:10:57+00:00","dateModified":"2023-04-14T08:03:26+00:00","breadcrumb":{"@id":"https:\/\/arthenon.com\/fr\/1178-2\/#breadcrumb"},"inLanguage":"fr-FR","potentialAction":[{"@type":"ReadAction","target":["https:\/\/arthenon.com\/fr\/1178-2\/"]}]},{"@type":"BreadcrumbList","@id":"https:\/\/arthenon.com\/fr\/1178-2\/#breadcrumb","itemListElement":[{"@type":"ListItem","position":1,"name":"Home","item":"https:\/\/arthenon.com\/fr\/"},{"@type":"ListItem","position":2,"name":"Wouter van der Veen"}]},{"@type":"WebSite","@id":"https:\/\/arthenon.com\/fr\/#website","url":"https:\/\/arthenon.com\/fr\/","name":"arth\u00e9non","description":"livres libres","potentialAction":[{"@type":"SearchAction","target":{"@type":"EntryPoint","urlTemplate":"https:\/\/arthenon.com\/fr\/?s={search_term_string}"},"query-input":{"@type":"PropertyValueSpecification","valueRequired":true,"valueName":"search_term_string"}}],"inLanguage":"fr-FR"}]}},"_links":{"self":[{"href":"https:\/\/arthenon.com\/fr\/wp-json\/wp\/v2\/pages\/1178","targetHints":{"allow":["GET"]}}],"collection":[{"href":"https:\/\/arthenon.com\/fr\/wp-json\/wp\/v2\/pages"}],"about":[{"href":"https:\/\/arthenon.com\/fr\/wp-json\/wp\/v2\/types\/page"}],"author":[{"embeddable":true,"href":"https:\/\/arthenon.com\/fr\/wp-json\/wp\/v2\/users\/2"}],"replies":[{"embeddable":true,"href":"https:\/\/arthenon.com\/fr\/wp-json\/wp\/v2\/comments?post=1178"}],"version-history":[{"count":2,"href":"https:\/\/arthenon.com\/fr\/wp-json\/wp\/v2\/pages\/1178\/revisions"}],"predecessor-version":[{"id":1977,"href":"https:\/\/arthenon.com\/fr\/wp-json\/wp\/v2\/pages\/1178\/revisions\/1977"}],"wp:attachment":[{"href":"https:\/\/arthenon.com\/fr\/wp-json\/wp\/v2\/media?parent=1178"}],"curies":[{"name":"wp","href":"https:\/\/api.w.org\/{rel}","templated":true}]}}