{"id":1073,"date":"2021-04-09T10:00:05","date_gmt":"2021-04-09T08:00:05","guid":{"rendered":"https:\/\/dev.arthenon.com\/?page_id=1073"},"modified":"2025-06-02T15:51:47","modified_gmt":"2025-06-02T13:51:47","slug":"auteur-editeur-un-nouveau-modele","status":"publish","type":"page","link":"https:\/\/arthenon.com\/fr\/auteur-editeur-un-nouveau-modele\/","title":{"rendered":"Mon approche"},"content":{"rendered":"<p>[et_pb_section fb_built=\u00a0\u00bb1&Prime; _builder_version=\u00a0\u00bb4.16&Prime; _module_preset=\u00a0\u00bbdefault\u00a0\u00bb global_colors_info=\u00a0\u00bb{}\u00a0\u00bb][et_pb_row column_structure=\u00a0\u00bb1_2,1_2&Prime; _builder_version=\u00a0\u00bb4.16&Prime; _module_preset=\u00a0\u00bbdefault\u00a0\u00bb global_colors_info=\u00a0\u00bb{}\u00a0\u00bb][et_pb_column type=\u00a0\u00bb1_2&Prime; _builder_version=\u00a0\u00bb4.16&Prime; _module_preset=\u00a0\u00bbdefault\u00a0\u00bb global_colors_info=\u00a0\u00bb{}\u00a0\u00bb][et_pb_divider _builder_version=\u00a0\u00bb4.20.4&Prime; _module_preset=\u00a0\u00bbdefault\u00a0\u00bb global_colors_info=\u00a0\u00bb{}\u00a0\u00bb][\/et_pb_divider][et_pb_text _builder_version=\u00a0\u00bb4.16&Prime; _module_preset=\u00a0\u00bbdefault\u00a0\u00bb global_colors_info=\u00a0\u00bb{}\u00a0\u00bb]<\/p>\n<h1>La naissance du concept<\/h1>\n<p>En 2020, durant le premier confinement, j&rsquo;ai d\u00fb trouver un moyen de partager une d\u00e9couverte majeure sur la fin de vie de Vincent van Gogh en un temps tr\u00e8s court. Un livre semblait la forme la plus adapt\u00e9e, mais je n&rsquo;avais que quelques semaines pour l&rsquo;\u00e9crire et trouver l&rsquo;\u00e9diteur. J&rsquo;ai alors choisi de l&rsquo;\u00e9diter moi-m\u00eame et de le proposer au t\u00e9l\u00e9chargement libre &amp; gratuit.<\/p>\n<p>[\/et_pb_text][\/et_pb_column][et_pb_column type=\u00a0\u00bb1_2&Prime; _builder_version=\u00a0\u00bb4.16&Prime; _module_preset=\u00a0\u00bbdefault\u00a0\u00bb global_colors_info=\u00a0\u00bb{}\u00a0\u00bb][et_pb_image src=\u00a0\u00bbhttps:\/\/arthenon.com\/wp-content\/uploads\/2021\/04\/20210413_Racines-iPad_PDF-1.jpg\u00a0\u00bb alt=\u00a0\u00bbLivre num\u00e9rique Le Pacte Rembrandt\u00a0\u00bb title_text=\u00a0\u00bb20210413_Racines-iPad_PDF\u00a0\u00bb align=\u00a0\u00bbcenter\u00a0\u00bb _builder_version=\u00a0\u00bb4.16&Prime; _module_preset=\u00a0\u00bbdefault\u00a0\u00bb width=\u00a0\u00bb100%\u00a0\u00bb max_width=\u00a0\u00bb100%\u00a0\u00bb min_height=\u00a0\u00bb198px\u00a0\u00bb height=\u00a0\u00bb102px\u00a0\u00bb max_height=\u00a0\u00bb100px\u00a0\u00bb custom_padding=\u00a0\u00bb||0px|||\u00a0\u00bb global_colors_info=\u00a0\u00bb{}\u00a0\u00bb][\/et_pb_image][\/et_pb_column][\/et_pb_row][et_pb_row column_structure=\u00a0\u00bb1_2,1_2&Prime; _builder_version=\u00a0\u00bb4.16&Prime; _module_preset=\u00a0\u00bbdefault\u00a0\u00bb global_colors_info=\u00a0\u00bb{}\u00a0\u00bb][et_pb_column type=\u00a0\u00bb1_2&Prime; _builder_version=\u00a0\u00bb4.16&Prime; _module_preset=\u00a0\u00bbdefault\u00a0\u00bb global_colors_info=\u00a0\u00bb{}\u00a0\u00bb][et_pb_text _builder_version=\u00a0\u00bb4.16&Prime; _module_preset=\u00a0\u00bbdefault\u00a0\u00bb global_colors_info=\u00a0\u00bb{}\u00a0\u00bb]<\/p>\n<h2>Un mod\u00e8le audacieux<\/h2>\n<p>Mon livre n&rsquo;avait donc pas de prix, mais il avait eu un co\u00fbt. Pour financer les frais de production, j&rsquo;ai propos\u00e9 aux lecteurs qui le voulaient d&rsquo;acqu\u00e9rir une reproduction de la carte postale \u00e0 l&rsquo;origine de la d\u00e9couverte. Quand on est auteur, on peut \u00e9crire. Et il n&rsquo;y a pas de mal \u00e0 se faire du lien, m\u00eame si ce n&rsquo;est que par une simple carte postale manuscrite et sign\u00e9e.<\/p>\n<p>[\/et_pb_text][\/et_pb_column][et_pb_column type=\u00a0\u00bb1_2&Prime; _builder_version=\u00a0\u00bb4.16&Prime; _module_preset=\u00a0\u00bbdefault\u00a0\u00bb global_colors_info=\u00a0\u00bb{}\u00a0\u00bb][et_pb_image src=\u00a0\u00bbhttps:\/\/arthenon.com\/wp-content\/uploads\/2020\/07\/Carte_dedicace-scaled.jpg\u00a0\u00bb alt=\u00a0\u00bbLa Chambre de Van Gogh \u00e0 l&rsquo;Auberge Ravoux\u00a0\u00bb title_text=\u00a0\u00bbCarte_dedicace\u00a0\u00bb align=\u00a0\u00bbcenter\u00a0\u00bb _builder_version=\u00a0\u00bb4.20.4&Prime; _module_preset=\u00a0\u00bbdefault\u00a0\u00bb width=\u00a0\u00bb100%\u00a0\u00bb max_height=\u00a0\u00bb198px\u00a0\u00bb animation_style=\u00a0\u00bbfade\u00a0\u00bb animation_duration=\u00a0\u00bb400ms\u00a0\u00bb global_colors_info=\u00a0\u00bb{}\u00a0\u00bb][\/et_pb_image][\/et_pb_column][\/et_pb_row][et_pb_row _builder_version=\u00a0\u00bb4.16&Prime; _module_preset=\u00a0\u00bbdefault\u00a0\u00bb global_colors_info=\u00a0\u00bb{}\u00a0\u00bb][et_pb_column type=\u00a0\u00bb4_4&Prime; _builder_version=\u00a0\u00bb4.16&Prime; _module_preset=\u00a0\u00bbdefault\u00a0\u00bb global_colors_info=\u00a0\u00bb{}\u00a0\u00bb][et_pb_text _builder_version=\u00a0\u00bb4.16&Prime; _module_preset=\u00a0\u00bbdefault\u00a0\u00bb global_colors_info=\u00a0\u00bb{}\u00a0\u00bb]<\/p>\n<h2>Le plaisir d&rsquo;\u00e9crire<\/h2>\n<p>Depuis 2020, j&rsquo;ai pu envoyer des centaines de cartes postales \u00e0 travers le monde. C&rsquo;est une exp\u00e9rience vraiment incroyable et pourtant tellement simple. C&rsquo;est un grand r\u00e9seau d&rsquo;amiti\u00e9 qui se tisse et que j&rsquo;esp\u00e8re entretenir durant encore de nombreuses ann\u00e9es.<\/p>\n<p>[\/et_pb_text][\/et_pb_column][\/et_pb_row][et_pb_row _builder_version=\u00a0\u00bb4.16&Prime; _module_preset=\u00a0\u00bbdefault\u00a0\u00bb global_colors_info=\u00a0\u00bb{}\u00a0\u00bb][et_pb_column type=\u00a0\u00bb4_4&Prime; _builder_version=\u00a0\u00bb4.16&Prime; _module_preset=\u00a0\u00bbdefault\u00a0\u00bb global_colors_info=\u00a0\u00bb{}\u00a0\u00bb][et_pb_divider _builder_version=\u00a0\u00bb4.16&Prime; _module_preset=\u00a0\u00bbdefault\u00a0\u00bb global_colors_info=\u00a0\u00bb{}\u00a0\u00bb][\/et_pb_divider][\/et_pb_column][\/et_pb_row][et_pb_row column_structure=\u00a0\u00bb1_2,1_2&Prime; _builder_version=\u00a0\u00bb4.16&Prime; _module_preset=\u00a0\u00bbdefault\u00a0\u00bb global_colors_info=\u00a0\u00bb{}\u00a0\u00bb][et_pb_column type=\u00a0\u00bb1_2&Prime; _builder_version=\u00a0\u00bb4.16&Prime; _module_preset=\u00a0\u00bbdefault\u00a0\u00bb global_colors_info=\u00a0\u00bb{}\u00a0\u00bb][et_pb_button button_url=\u00a0\u00bbhttps:\/\/arthenon.com\/livres-de-wouter-van-der-veen\/\u00a0\u00bb button_text=\u00a0\u00bbLivres num\u00e9riques gratuits\u00a0\u00bb _builder_version=\u00a0\u00bb4.16&Prime; _module_preset=\u00a0\u00bbdefault\u00a0\u00bb global_colors_info=\u00a0\u00bb{}\u00a0\u00bb][\/et_pb_button][\/et_pb_column][et_pb_column type=\u00a0\u00bb1_2&Prime; _builder_version=\u00a0\u00bb4.16&Prime; _module_preset=\u00a0\u00bbdefault\u00a0\u00bb global_colors_info=\u00a0\u00bb{}\u00a0\u00bb][et_pb_button button_url=\u00a0\u00bbhttps:\/\/arthenon.com\/shop\/\u00a0\u00bb button_text=\u00a0\u00bbCartes postales\u00a0\u00bb _builder_version=\u00a0\u00bb4.27.4&Prime; _module_preset=\u00a0\u00bbdefault\u00a0\u00bb hover_enabled=\u00a0\u00bb0&Prime; global_colors_info=\u00a0\u00bb{}\u00a0\u00bb sticky_enabled=\u00a0\u00bb0&Prime;][\/et_pb_button][\/et_pb_column][\/et_pb_row][et_pb_row _builder_version=\u00a0\u00bb4.16&Prime; _module_preset=\u00a0\u00bbdefault\u00a0\u00bb global_colors_info=\u00a0\u00bb{}\u00a0\u00bb][et_pb_column type=\u00a0\u00bb4_4&Prime; _builder_version=\u00a0\u00bb4.16&Prime; _module_preset=\u00a0\u00bbdefault\u00a0\u00bb global_colors_info=\u00a0\u00bb{}\u00a0\u00bb][et_pb_image src=\u00a0\u00bbhttps:\/\/arthenon.com\/wp-content\/uploads\/2021\/04\/Monogramme-Wouter-300&#215;300.jpg\u00a0\u00bb title_text=\u00a0\u00bbMonogramme-Wouter\u00a0\u00bb align=\u00a0\u00bbcenter\u00a0\u00bb _builder_version=\u00a0\u00bb4.16&Prime; _module_preset=\u00a0\u00bbdefault\u00a0\u00bb global_colors_info=\u00a0\u00bb{}\u00a0\u00bb][\/et_pb_image][\/et_pb_column][\/et_pb_row][\/et_pb_section]<\/p>\n","protected":false},"excerpt":{"rendered":"<p>La naissance du concept En 2020, durant le premier confinement, j&rsquo;ai d\u00fb trouver un moyen de partager une d\u00e9couverte majeure sur la fin de vie de Vincent van Gogh en un temps tr\u00e8s court. Un livre semblait la forme la plus adapt\u00e9e, mais je n&rsquo;avais que quelques semaines pour l&rsquo;\u00e9crire et trouver l&rsquo;\u00e9diteur. J&rsquo;ai alors [&hellip;]<\/p>\n","protected":false},"author":2,"featured_media":0,"parent":0,"menu_order":0,"comment_status":"closed","ping_status":"closed","template":"","meta":{"_et_pb_use_builder":"on","_et_pb_old_content":"","_et_gb_content_width":"","footnotes":""},"class_list":["post-1073","page","type-page","status-publish","hentry"],"yoast_head":"<!-- This site is optimized with the Yoast SEO plugin v27.1.1 - https:\/\/yoast.com\/product\/yoast-seo-wordpress\/ -->\n<title>Mon approche - arth\u00e9non<\/title>\n<meta name=\"robots\" content=\"index, follow, max-snippet:-1, max-image-preview:large, max-video-preview:-1\" \/>\n<link rel=\"canonical\" href=\"https:\/\/arthenon.com\/fr\/auteur-editeur-un-nouveau-modele\/\" \/>\n<meta property=\"og:locale\" content=\"fr_FR\" \/>\n<meta property=\"og:type\" content=\"article\" \/>\n<meta property=\"og:title\" content=\"Mon approche - arth\u00e9non\" \/>\n<meta property=\"og:description\" content=\"La naissance du concept En 2020, durant le premier confinement, j&#039;ai d\u00fb trouver un moyen de partager une d\u00e9couverte majeure sur la fin de vie de Vincent van Gogh en un temps tr\u00e8s court. Un livre semblait la forme la plus adapt\u00e9e, mais je n&#039;avais que quelques semaines pour l&#039;\u00e9crire et trouver l&#039;\u00e9diteur. J&#039;ai alors [&hellip;]\" \/>\n<meta property=\"og:url\" content=\"https:\/\/arthenon.com\/fr\/auteur-editeur-un-nouveau-modele\/\" \/>\n<meta property=\"og:site_name\" content=\"arth\u00e9non\" \/>\n<meta property=\"article:modified_time\" content=\"2025-06-02T13:51:47+00:00\" \/>\n<meta name=\"twitter:card\" content=\"summary_large_image\" \/>\n<meta name=\"twitter:label1\" content=\"Dur\u00e9e de lecture estim\u00e9e\" \/>\n\t<meta name=\"twitter:data1\" content=\"2 minutes\" \/>\n<script type=\"application\/ld+json\" class=\"yoast-schema-graph\">{\"@context\":\"https:\/\/schema.org\",\"@graph\":[{\"@type\":\"WebPage\",\"@id\":\"https:\/\/arthenon.com\/fr\/auteur-editeur-un-nouveau-modele\/\",\"url\":\"https:\/\/arthenon.com\/fr\/auteur-editeur-un-nouveau-modele\/\",\"name\":\"Mon approche - arth\u00e9non\",\"isPartOf\":{\"@id\":\"https:\/\/arthenon.com\/en\/#website\"},\"datePublished\":\"2021-04-09T08:00:05+00:00\",\"dateModified\":\"2025-06-02T13:51:47+00:00\",\"breadcrumb\":{\"@id\":\"https:\/\/arthenon.com\/fr\/auteur-editeur-un-nouveau-modele\/#breadcrumb\"},\"inLanguage\":\"fr-FR\",\"potentialAction\":[{\"@type\":\"ReadAction\",\"target\":[\"https:\/\/arthenon.com\/fr\/auteur-editeur-un-nouveau-modele\/\"]}]},{\"@type\":\"BreadcrumbList\",\"@id\":\"https:\/\/arthenon.com\/fr\/auteur-editeur-un-nouveau-modele\/#breadcrumb\",\"itemListElement\":[{\"@type\":\"ListItem\",\"position\":1,\"name\":\"Home\",\"item\":\"http:\/\/arthenon.com\/fr\/\"},{\"@type\":\"ListItem\",\"position\":2,\"name\":\"Mon approche\"}]},{\"@type\":\"WebSite\",\"@id\":\"https:\/\/arthenon.com\/en\/#website\",\"url\":\"https:\/\/arthenon.com\/en\/\",\"name\":\"arth\u00e9non\",\"description\":\"livres libres\",\"potentialAction\":[{\"@type\":\"SearchAction\",\"target\":{\"@type\":\"EntryPoint\",\"urlTemplate\":\"https:\/\/arthenon.com\/en\/?s={search_term_string}\"},\"query-input\":{\"@type\":\"PropertyValueSpecification\",\"valueRequired\":true,\"valueName\":\"search_term_string\"}}],\"inLanguage\":\"fr-FR\"}]}<\/script>\n<!-- \/ Yoast SEO plugin. -->","yoast_head_json":{"title":"Mon approche - arth\u00e9non","robots":{"index":"index","follow":"follow","max-snippet":"max-snippet:-1","max-image-preview":"max-image-preview:large","max-video-preview":"max-video-preview:-1"},"canonical":"https:\/\/arthenon.com\/fr\/auteur-editeur-un-nouveau-modele\/","og_locale":"fr_FR","og_type":"article","og_title":"Mon approche - arth\u00e9non","og_description":"La naissance du concept En 2020, durant le premier confinement, j'ai d\u00fb trouver un moyen de partager une d\u00e9couverte majeure sur la fin de vie de Vincent van Gogh en un temps tr\u00e8s court. Un livre semblait la forme la plus adapt\u00e9e, mais je n'avais que quelques semaines pour l'\u00e9crire et trouver l'\u00e9diteur. J'ai alors [&hellip;]","og_url":"https:\/\/arthenon.com\/fr\/auteur-editeur-un-nouveau-modele\/","og_site_name":"arth\u00e9non","article_modified_time":"2025-06-02T13:51:47+00:00","twitter_card":"summary_large_image","twitter_misc":{"Dur\u00e9e de lecture estim\u00e9e":"2 minutes"},"schema":{"@context":"https:\/\/schema.org","@graph":[{"@type":"WebPage","@id":"https:\/\/arthenon.com\/fr\/auteur-editeur-un-nouveau-modele\/","url":"https:\/\/arthenon.com\/fr\/auteur-editeur-un-nouveau-modele\/","name":"Mon approche - arth\u00e9non","isPartOf":{"@id":"https:\/\/arthenon.com\/en\/#website"},"datePublished":"2021-04-09T08:00:05+00:00","dateModified":"2025-06-02T13:51:47+00:00","breadcrumb":{"@id":"https:\/\/arthenon.com\/fr\/auteur-editeur-un-nouveau-modele\/#breadcrumb"},"inLanguage":"fr-FR","potentialAction":[{"@type":"ReadAction","target":["https:\/\/arthenon.com\/fr\/auteur-editeur-un-nouveau-modele\/"]}]},{"@type":"BreadcrumbList","@id":"https:\/\/arthenon.com\/fr\/auteur-editeur-un-nouveau-modele\/#breadcrumb","itemListElement":[{"@type":"ListItem","position":1,"name":"Home","item":"http:\/\/arthenon.com\/fr\/"},{"@type":"ListItem","position":2,"name":"Mon approche"}]},{"@type":"WebSite","@id":"https:\/\/arthenon.com\/en\/#website","url":"https:\/\/arthenon.com\/en\/","name":"arth\u00e9non","description":"livres libres","potentialAction":[{"@type":"SearchAction","target":{"@type":"EntryPoint","urlTemplate":"https:\/\/arthenon.com\/en\/?s={search_term_string}"},"query-input":{"@type":"PropertyValueSpecification","valueRequired":true,"valueName":"search_term_string"}}],"inLanguage":"fr-FR"}]}},"_links":{"self":[{"href":"https:\/\/arthenon.com\/fr\/wp-json\/wp\/v2\/pages\/1073","targetHints":{"allow":["GET"]}}],"collection":[{"href":"https:\/\/arthenon.com\/fr\/wp-json\/wp\/v2\/pages"}],"about":[{"href":"https:\/\/arthenon.com\/fr\/wp-json\/wp\/v2\/types\/page"}],"author":[{"embeddable":true,"href":"https:\/\/arthenon.com\/fr\/wp-json\/wp\/v2\/users\/2"}],"replies":[{"embeddable":true,"href":"https:\/\/arthenon.com\/fr\/wp-json\/wp\/v2\/comments?post=1073"}],"version-history":[{"count":10,"href":"https:\/\/arthenon.com\/fr\/wp-json\/wp\/v2\/pages\/1073\/revisions"}],"predecessor-version":[{"id":3004,"href":"https:\/\/arthenon.com\/fr\/wp-json\/wp\/v2\/pages\/1073\/revisions\/3004"}],"wp:attachment":[{"href":"https:\/\/arthenon.com\/fr\/wp-json\/wp\/v2\/media?parent=1073"}],"curies":[{"name":"wp","href":"https:\/\/api.w.org\/{rel}","templated":true}]}}