{"id":1063,"date":"2021-04-09T09:58:49","date_gmt":"2021-04-09T07:58:49","guid":{"rendered":"https:\/\/dev.arthenon.com\/?page_id=1063"},"modified":"2025-06-03T13:36:33","modified_gmt":"2025-06-03T11:36:33","slug":"livres-de-wouter-van-der-veen","status":"publish","type":"page","link":"https:\/\/arthenon.com\/fr\/livres-de-wouter-van-der-veen\/","title":{"rendered":"T\u00e9l\u00e9chargements gratuits"},"content":{"rendered":"<p>[et_pb_section fb_built=\u00a0\u00bb1&Prime; _builder_version=\u00a0\u00bb4.16&Prime; _module_preset=\u00a0\u00bbdefault\u00a0\u00bb global_colors_info=\u00a0\u00bb{}\u00a0\u00bb][et_pb_row column_structure=\u00a0\u00bb1_3,1_3,1_3&Prime; _builder_version=\u00a0\u00bb4.16&Prime; _module_preset=\u00a0\u00bbdefault\u00a0\u00bb border_radii=\u00a0\u00bbon|1px|1px|1px|1px\u00a0\u00bb global_colors_info=\u00a0\u00bb{}\u00a0\u00bb][et_pb_column type=\u00a0\u00bb1_3&Prime; _builder_version=\u00a0\u00bb4.16&Prime; _module_preset=\u00a0\u00bb4dd69029-fe96-4df2-a54a-86169537304f\u00a0\u00bb background_color=\u00a0\u00bb#fffbf9&Prime; custom_padding=\u00a0\u00bb10px|10px|10px|10px|true|true\u00a0\u00bb border_radii=\u00a0\u00bbon|5px|5px|5px|5px\u00a0\u00bb box_shadow_style=\u00a0\u00bbpreset2&Prime; global_colors_info=\u00a0\u00bb{}\u00a0\u00bb][et_pb_blurb image=\u00a0\u00bbhttps:\/\/arthenon.com\/wp-content\/uploads\/2021\/04\/20210413_iPad-Rembrandt_02.jpg\u00a0\u00bb alt=\u00a0\u00bbLivre num\u00e9rique Le Pacte Rembrandt\u00a0\u00bb content_max_width=\u00a0\u00bb686px\u00a0\u00bb _builder_version=\u00a0\u00bb4.16&Prime; _module_preset=\u00a0\u00bbdefault\u00a0\u00bb global_colors_info=\u00a0\u00bb{}\u00a0\u00bb]<\/p>\n<h2 style=\"text-align: center;\"><strong>Le Pacte Rembrandt<\/strong><\/h2>\n<p>Roman sur les tribulations d&rsquo;un chercheur atypique, qui d\u00e9couvre un Rembrandt inconnu et doit composer avec les cons\u00e9quences de ses choix.<\/p>\n<p>[\/et_pb_blurb][et_pb_button button_url=\u00a0\u00bbhttps:\/\/arthenon.com\/wp-content\/uploads\/2021\/04\/20210429_Rembrandt-ebook_05.pdf\u00a0\u00bb url_new_window=\u00a0\u00bbon\u00a0\u00bb button_text=\u00a0\u00bblire\/t\u00e9l\u00e9charger\u00a0\u00bb _builder_version=\u00a0\u00bb4.16&Prime; _module_preset=\u00a0\u00bbdefault\u00a0\u00bb global_colors_info=\u00a0\u00bb{}\u00a0\u00bb][\/et_pb_button][et_pb_divider _builder_version=\u00a0\u00bb4.16&Prime; _module_preset=\u00a0\u00bbdefault\u00a0\u00bb global_colors_info=\u00a0\u00bb{}\u00a0\u00bb][\/et_pb_divider][\/et_pb_column][et_pb_column type=\u00a0\u00bb1_3&Prime; _builder_version=\u00a0\u00bb4.16&Prime; _module_preset=\u00a0\u00bb4dd69029-fe96-4df2-a54a-86169537304f\u00a0\u00bb background_color=\u00a0\u00bb#fffbf9&Prime; custom_padding=\u00a0\u00bb10px|10px|10px|10px|true|true\u00a0\u00bb border_radii=\u00a0\u00bbon|5px|5px|5px|5px\u00a0\u00bb box_shadow_style=\u00a0\u00bbpreset2&Prime; global_colors_info=\u00a0\u00bb{}\u00a0\u00bb][et_pb_blurb image=\u00a0\u00bbhttps:\/\/arthenon.com\/wp-content\/uploads\/2021\/04\/20210413_Racines-iPad_PDF-1.jpg\u00a0\u00bb _builder_version=\u00a0\u00bb4.16&Prime; _module_preset=\u00a0\u00bbdefault\u00a0\u00bb global_colors_info=\u00a0\u00bb{}\u00a0\u00bb]<\/p>\n<h2 style=\"text-align: center;\"><strong>Attaqu\u00e9 \u00e0 la racine<\/strong><\/h2>\n<p>Enqu\u00eate sur les derniers jours de Vincent van Gogh, suite \u00e0 ma d\u00e9couverte du lieu exact et du moment de la r\u00e9alisation de son dernier chef-d&rsquo;oeuvre.<\/p>\n<p>[\/et_pb_blurb][et_pb_button button_url=\u00a0\u00bbhttps:\/\/arthenon.com\/wp-content\/uploads\/2021\/07\/20210715_Racinesebook-fr_01.pdf\u00a0\u00bb url_new_window=\u00a0\u00bbon\u00a0\u00bb button_text=\u00a0\u00bblire\/t\u00e9l\u00e9charger\u00a0\u00bb _builder_version=\u00a0\u00bb4.16&Prime; _module_preset=\u00a0\u00bbdefault\u00a0\u00bb global_colors_info=\u00a0\u00bb{}\u00a0\u00bb][\/et_pb_button][et_pb_divider _builder_version=\u00a0\u00bb4.16&Prime; _module_preset=\u00a0\u00bbdefault\u00a0\u00bb global_colors_info=\u00a0\u00bb{}\u00a0\u00bb][\/et_pb_divider][et_pb_text _builder_version=\u00a0\u00bb4.16&Prime; _module_preset=\u00a0\u00bbdefault\u00a0\u00bb text_orientation=\u00a0\u00bbcenter\u00a0\u00bb global_colors_info=\u00a0\u00bb{}\u00a0\u00bb]<\/p>\n<h2>Cartes postales associ\u00e9es<\/h2>\n<p>[\/et_pb_text][et_pb_gallery gallery_ids=\u00a0\u00bb1113,653&Prime; posts_number=\u00a0\u00bb1&Prime; _builder_version=\u00a0\u00bb4.16&Prime; _module_preset=\u00a0\u00bbdefault\u00a0\u00bb global_colors_info=\u00a0\u00bb{}\u00a0\u00bb][\/et_pb_gallery][et_pb_button button_url=\u00a0\u00bbhttps:\/\/arthenon.com\/shop\/\u00a0\u00bb button_text=\u00a0\u00bbCommander\u00a0\u00bb _builder_version=\u00a0\u00bb4.16&Prime; _module_preset=\u00a0\u00bbdefault\u00a0\u00bb global_colors_info=\u00a0\u00bb{}\u00a0\u00bb][\/et_pb_button][\/et_pb_column][et_pb_column type=\u00a0\u00bb1_3&Prime; _builder_version=\u00a0\u00bb4.16&Prime; _module_preset=\u00a0\u00bb4dd69029-fe96-4df2-a54a-86169537304f\u00a0\u00bb background_color=\u00a0\u00bb#fffbf9&Prime; custom_padding=\u00a0\u00bb10px|10px|10px|10px|true|true\u00a0\u00bb border_radii=\u00a0\u00bbon|5px|5px|5px|5px\u00a0\u00bb box_shadow_style=\u00a0\u00bbpreset2&Prime; global_colors_info=\u00a0\u00bb{}\u00a0\u00bb][et_pb_blurb image=\u00a0\u00bbhttps:\/\/arthenon.com\/wp-content\/uploads\/2021\/04\/20210429_iPad-Chambres_02.jpg\u00a0\u00bb _builder_version=\u00a0\u00bb4.16&Prime; _module_preset=\u00a0\u00bbdefault\u00a0\u00bb global_colors_info=\u00a0\u00bb{}\u00a0\u00bb]<\/p>\n<h2 style=\"text-align: center;\"><strong>Les Derni\u00e8res chambres<\/strong><\/h2>\n<p>Le r\u00e9cit de 15 mois pass\u00e9s dans la chambre forte du Mus\u00e9e Van Gogh d&rsquo;Amsterdam. Suivi du r\u00e9cit d&rsquo;un voyage d\u00e9concertant sur les pas de Vincent.<\/p>\n<p>[\/et_pb_blurb][et_pb_button button_url=\u00a0\u00bbhttps:\/\/arthenon.com\/wp-content\/uploads\/2021\/04\/20210429_Chambre-ebook_01.pdf\u00a0\u00bb url_new_window=\u00a0\u00bbon\u00a0\u00bb button_text=\u00a0\u00bblire\/t\u00e9l\u00e9charger\u00a0\u00bb _builder_version=\u00a0\u00bb4.16&Prime; _module_preset=\u00a0\u00bbdefault\u00a0\u00bb global_colors_info=\u00a0\u00bb{}\u00a0\u00bb][\/et_pb_button][et_pb_divider _builder_version=\u00a0\u00bb4.16&Prime; _module_preset=\u00a0\u00bbdefault\u00a0\u00bb global_colors_info=\u00a0\u00bb{}\u00a0\u00bb][\/et_pb_divider][et_pb_text _builder_version=\u00a0\u00bb4.16&Prime; _module_preset=\u00a0\u00bbdefault\u00a0\u00bb text_orientation=\u00a0\u00bbcenter\u00a0\u00bb global_colors_info=\u00a0\u00bb{}\u00a0\u00bb]<\/p>\n<h2>Cartes postales associ\u00e9es<\/h2>\n<p>[\/et_pb_text][et_pb_gallery gallery_ids=\u00a0\u00bb1164,1172,1168&Prime; posts_number=\u00a0\u00bb1&Prime; _builder_version=\u00a0\u00bb4.16&Prime; _module_preset=\u00a0\u00bbdefault\u00a0\u00bb link_option_url=\u00a0\u00bbhttps:\/\/arthenon.com\/shop\/\u00a0\u00bb global_colors_info=\u00a0\u00bb{}\u00a0\u00bb][\/et_pb_gallery][et_pb_button button_url=\u00a0\u00bbhttps:\/\/arthenon.com\/shop\/\u00a0\u00bb button_text=\u00a0\u00bbCommander\u00a0\u00bb _builder_version=\u00a0\u00bb4.16&Prime; _module_preset=\u00a0\u00bbdefault\u00a0\u00bb global_colors_info=\u00a0\u00bb{}\u00a0\u00bb][\/et_pb_button][\/et_pb_column][\/et_pb_row][\/et_pb_section]<\/p>\n","protected":false},"excerpt":{"rendered":"<p>Le Pacte Rembrandt Roman sur les tribulations d&rsquo;un chercheur atypique, qui d\u00e9couvre un Rembrandt inconnu et doit composer avec les cons\u00e9quences de ses choix.Attaqu\u00e9 \u00e0 la racine Enqu\u00eate sur les derniers jours de Vincent van Gogh, suite \u00e0 ma d\u00e9couverte du lieu exact et du moment de la r\u00e9alisation de son dernier chef-d&rsquo;oeuvre.Cartes postales associ\u00e9esLes [&hellip;]<\/p>\n","protected":false},"author":2,"featured_media":0,"parent":0,"menu_order":0,"comment_status":"closed","ping_status":"closed","template":"","meta":{"_et_pb_use_builder":"on","_et_pb_old_content":"","_et_gb_content_width":"","footnotes":""},"class_list":["post-1063","page","type-page","status-publish","hentry"],"yoast_head":"<!-- This site is optimized with the Yoast SEO plugin v27.1.1 - https:\/\/yoast.com\/product\/yoast-seo-wordpress\/ -->\n<title>T\u00e9l\u00e9chargements gratuits - arth\u00e9non<\/title>\n<meta name=\"robots\" content=\"index, follow, max-snippet:-1, max-image-preview:large, max-video-preview:-1\" \/>\n<link rel=\"canonical\" href=\"https:\/\/arthenon.com\/fr\/livres-de-wouter-van-der-veen\/\" \/>\n<meta property=\"og:locale\" content=\"fr_FR\" \/>\n<meta property=\"og:type\" content=\"article\" \/>\n<meta property=\"og:title\" content=\"T\u00e9l\u00e9chargements gratuits - arth\u00e9non\" \/>\n<meta property=\"og:description\" content=\"Le Pacte Rembrandt Roman sur les tribulations d&#039;un chercheur atypique, qui d\u00e9couvre un Rembrandt inconnu et doit composer avec les cons\u00e9quences de ses choix.Attaqu\u00e9 \u00e0 la racine Enqu\u00eate sur les derniers jours de Vincent van Gogh, suite \u00e0 ma d\u00e9couverte du lieu exact et du moment de la r\u00e9alisation de son dernier chef-d&#039;oeuvre.Cartes postales associ\u00e9esLes [&hellip;]\" \/>\n<meta property=\"og:url\" content=\"https:\/\/arthenon.com\/fr\/livres-de-wouter-van-der-veen\/\" \/>\n<meta property=\"og:site_name\" content=\"arth\u00e9non\" \/>\n<meta property=\"article:modified_time\" content=\"2025-06-03T11:36:33+00:00\" \/>\n<meta name=\"twitter:card\" content=\"summary_large_image\" \/>\n<meta name=\"twitter:label1\" content=\"Dur\u00e9e de lecture estim\u00e9e\" \/>\n\t<meta name=\"twitter:data1\" content=\"2 minutes\" \/>\n<script type=\"application\/ld+json\" class=\"yoast-schema-graph\">{\"@context\":\"https:\/\/schema.org\",\"@graph\":[{\"@type\":\"WebPage\",\"@id\":\"https:\/\/arthenon.com\/fr\/livres-de-wouter-van-der-veen\/\",\"url\":\"https:\/\/arthenon.com\/fr\/livres-de-wouter-van-der-veen\/\",\"name\":\"T\u00e9l\u00e9chargements gratuits - arth\u00e9non\",\"isPartOf\":{\"@id\":\"https:\/\/arthenon.com\/en\/#website\"},\"datePublished\":\"2021-04-09T07:58:49+00:00\",\"dateModified\":\"2025-06-03T11:36:33+00:00\",\"breadcrumb\":{\"@id\":\"https:\/\/arthenon.com\/fr\/livres-de-wouter-van-der-veen\/#breadcrumb\"},\"inLanguage\":\"fr-FR\",\"potentialAction\":[{\"@type\":\"ReadAction\",\"target\":[\"https:\/\/arthenon.com\/fr\/livres-de-wouter-van-der-veen\/\"]}]},{\"@type\":\"BreadcrumbList\",\"@id\":\"https:\/\/arthenon.com\/fr\/livres-de-wouter-van-der-veen\/#breadcrumb\",\"itemListElement\":[{\"@type\":\"ListItem\",\"position\":1,\"name\":\"Home\",\"item\":\"http:\/\/arthenon.com\/fr\/\"},{\"@type\":\"ListItem\",\"position\":2,\"name\":\"T\u00e9l\u00e9chargements gratuits\"}]},{\"@type\":\"WebSite\",\"@id\":\"https:\/\/arthenon.com\/en\/#website\",\"url\":\"https:\/\/arthenon.com\/en\/\",\"name\":\"arth\u00e9non\",\"description\":\"livres libres\",\"potentialAction\":[{\"@type\":\"SearchAction\",\"target\":{\"@type\":\"EntryPoint\",\"urlTemplate\":\"https:\/\/arthenon.com\/en\/?s={search_term_string}\"},\"query-input\":{\"@type\":\"PropertyValueSpecification\",\"valueRequired\":true,\"valueName\":\"search_term_string\"}}],\"inLanguage\":\"fr-FR\"}]}<\/script>\n<!-- \/ Yoast SEO plugin. -->","yoast_head_json":{"title":"T\u00e9l\u00e9chargements gratuits - arth\u00e9non","robots":{"index":"index","follow":"follow","max-snippet":"max-snippet:-1","max-image-preview":"max-image-preview:large","max-video-preview":"max-video-preview:-1"},"canonical":"https:\/\/arthenon.com\/fr\/livres-de-wouter-van-der-veen\/","og_locale":"fr_FR","og_type":"article","og_title":"T\u00e9l\u00e9chargements gratuits - arth\u00e9non","og_description":"Le Pacte Rembrandt Roman sur les tribulations d'un chercheur atypique, qui d\u00e9couvre un Rembrandt inconnu et doit composer avec les cons\u00e9quences de ses choix.Attaqu\u00e9 \u00e0 la racine Enqu\u00eate sur les derniers jours de Vincent van Gogh, suite \u00e0 ma d\u00e9couverte du lieu exact et du moment de la r\u00e9alisation de son dernier chef-d'oeuvre.Cartes postales associ\u00e9esLes [&hellip;]","og_url":"https:\/\/arthenon.com\/fr\/livres-de-wouter-van-der-veen\/","og_site_name":"arth\u00e9non","article_modified_time":"2025-06-03T11:36:33+00:00","twitter_card":"summary_large_image","twitter_misc":{"Dur\u00e9e de lecture estim\u00e9e":"2 minutes"},"schema":{"@context":"https:\/\/schema.org","@graph":[{"@type":"WebPage","@id":"https:\/\/arthenon.com\/fr\/livres-de-wouter-van-der-veen\/","url":"https:\/\/arthenon.com\/fr\/livres-de-wouter-van-der-veen\/","name":"T\u00e9l\u00e9chargements gratuits - arth\u00e9non","isPartOf":{"@id":"https:\/\/arthenon.com\/en\/#website"},"datePublished":"2021-04-09T07:58:49+00:00","dateModified":"2025-06-03T11:36:33+00:00","breadcrumb":{"@id":"https:\/\/arthenon.com\/fr\/livres-de-wouter-van-der-veen\/#breadcrumb"},"inLanguage":"fr-FR","potentialAction":[{"@type":"ReadAction","target":["https:\/\/arthenon.com\/fr\/livres-de-wouter-van-der-veen\/"]}]},{"@type":"BreadcrumbList","@id":"https:\/\/arthenon.com\/fr\/livres-de-wouter-van-der-veen\/#breadcrumb","itemListElement":[{"@type":"ListItem","position":1,"name":"Home","item":"http:\/\/arthenon.com\/fr\/"},{"@type":"ListItem","position":2,"name":"T\u00e9l\u00e9chargements gratuits"}]},{"@type":"WebSite","@id":"https:\/\/arthenon.com\/en\/#website","url":"https:\/\/arthenon.com\/en\/","name":"arth\u00e9non","description":"livres libres","potentialAction":[{"@type":"SearchAction","target":{"@type":"EntryPoint","urlTemplate":"https:\/\/arthenon.com\/en\/?s={search_term_string}"},"query-input":{"@type":"PropertyValueSpecification","valueRequired":true,"valueName":"search_term_string"}}],"inLanguage":"fr-FR"}]}},"_links":{"self":[{"href":"https:\/\/arthenon.com\/fr\/wp-json\/wp\/v2\/pages\/1063","targetHints":{"allow":["GET"]}}],"collection":[{"href":"https:\/\/arthenon.com\/fr\/wp-json\/wp\/v2\/pages"}],"about":[{"href":"https:\/\/arthenon.com\/fr\/wp-json\/wp\/v2\/types\/page"}],"author":[{"embeddable":true,"href":"https:\/\/arthenon.com\/fr\/wp-json\/wp\/v2\/users\/2"}],"replies":[{"embeddable":true,"href":"https:\/\/arthenon.com\/fr\/wp-json\/wp\/v2\/comments?post=1063"}],"version-history":[{"count":4,"href":"https:\/\/arthenon.com\/fr\/wp-json\/wp\/v2\/pages\/1063\/revisions"}],"predecessor-version":[{"id":3012,"href":"https:\/\/arthenon.com\/fr\/wp-json\/wp\/v2\/pages\/1063\/revisions\/3012"}],"wp:attachment":[{"href":"https:\/\/arthenon.com\/fr\/wp-json\/wp\/v2\/media?parent=1063"}],"curies":[{"name":"wp","href":"https:\/\/api.w.org\/{rel}","templated":true}]}}