{"id":1024,"date":"2021-04-07T14:55:37","date_gmt":"2021-04-07T12:55:37","guid":{"rendered":"https:\/\/dev.arthenon.com\/?page_id=1024"},"modified":"2025-06-02T15:37:30","modified_gmt":"2025-06-02T13:37:30","slug":"bienvenue","status":"publish","type":"page","link":"https:\/\/arthenon.com\/fr\/","title":{"rendered":"Bonjour !"},"content":{"rendered":"<p>[et_pb_section fb_built=\u00a0\u00bb1&Prime; _builder_version=\u00a0\u00bb4.16&Prime; _module_preset=\u00a0\u00bbdefault\u00a0\u00bb min_height=\u00a0\u00bb634px\u00a0\u00bb custom_padding=\u00a0\u00bb||2px|||\u00a0\u00bb global_colors_info=\u00a0\u00bb{}\u00a0\u00bb][et_pb_row _builder_version=\u00a0\u00bb4.16&Prime; _module_preset=\u00a0\u00bbdefault\u00a0\u00bb global_colors_info=\u00a0\u00bb{}\u00a0\u00bb][et_pb_column type=\u00a0\u00bb4_4&Prime; _builder_version=\u00a0\u00bb4.16&Prime; _module_preset=\u00a0\u00bbdefault\u00a0\u00bb global_colors_info=\u00a0\u00bb{}\u00a0\u00bb][et_pb_text _builder_version=\u00a0\u00bb4.16&Prime; _module_preset=\u00a0\u00bbdefault\u00a0\u00bb custom_padding=\u00a0\u00bb||0px|||\u00a0\u00bb global_colors_info=\u00a0\u00bb{}\u00a0\u00bb]<\/p>\n<h1 style=\"text-align: center;\"><span style=\"color: #993300;\"><img decoding=\"async\" data-src=\"https:\/\/arthenon.com\/wp-content\/uploads\/2021\/04\/Monogramme-Wouter-300x300.png\" width=\"100\" height=\"100\" alt=\"\" class=\"wp-image-1042 aligncenter size-medium lazyload\" data-srcset=\"https:\/\/arthenon.com\/wp-content\/uploads\/2021\/04\/Monogramme-Wouter-300x300.png 300w, https:\/\/arthenon.com\/wp-content\/uploads\/2021\/04\/Monogramme-Wouter-150x150.png 150w, https:\/\/arthenon.com\/wp-content\/uploads\/2021\/04\/Monogramme-Wouter.png 682w, https:\/\/arthenon.com\/wp-content\/uploads\/2021\/04\/Monogramme-Wouter-480x480.png 480w, https:\/\/arthenon.com\/wp-content\/uploads\/2021\/04\/Monogramme-Wouter-600x600.png 600w, https:\/\/arthenon.com\/wp-content\/uploads\/2021\/04\/Monogramme-Wouter-100x100.png 100w\" data-sizes=\"(max-width: 100px) 100vw, 100px\" src=\"data:image\/svg+xml;base64,PHN2ZyB3aWR0aD0iMSIgaGVpZ2h0PSIxIiB4bWxucz0iaHR0cDovL3d3dy53My5vcmcvMjAwMC9zdmciPjwvc3ZnPg==\" style=\"--smush-placeholder-width: 100px; --smush-placeholder-aspect-ratio: 100\/100;\" \/>WOUTER VAN DER VEEN<\/span><\/h1>\n<p>[\/et_pb_text][\/et_pb_column][\/et_pb_row][et_pb_row column_structure=\u00a0\u00bb1_2,1_2&Prime; _builder_version=\u00a0\u00bb4.21.0&Prime; _module_preset=\u00a0\u00bbdefault\u00a0\u00bb global_colors_info=\u00a0\u00bb{}\u00a0\u00bb][et_pb_column type=\u00a0\u00bb1_2&Prime; _builder_version=\u00a0\u00bb4.21.0&Prime; _module_preset=\u00a0\u00bbdefault\u00a0\u00bb global_colors_info=\u00a0\u00bb{}\u00a0\u00bb][et_pb_image src=\u00a0\u00bbhttps:\/\/arthenon.com\/wp-content\/uploads\/2021\/08\/DSC1954.jpg\u00a0\u00bb alt=\u00a0\u00bbWouter van der Veen\u00a0\u00bb title_text=\u00a0\u00bbWouter van der Veen\u00a0\u00bb align=\u00a0\u00bbcenter\u00a0\u00bb _builder_version=\u00a0\u00bb4.21.0&Prime; _module_preset=\u00a0\u00bbdefault\u00a0\u00bb width=\u00a0\u00bb60%\u00a0\u00bb global_colors_info=\u00a0\u00bb{}\u00a0\u00bb][\/et_pb_image][\/et_pb_column][et_pb_column type=\u00a0\u00bb1_2&Prime; _builder_version=\u00a0\u00bb4.21.0&Prime; _module_preset=\u00a0\u00bbdefault\u00a0\u00bb global_colors_info=\u00a0\u00bb{}\u00a0\u00bb][et_pb_text _builder_version=\u00a0\u00bb4.24.0&Prime; _module_preset=\u00a0\u00bbdefault\u00a0\u00bb text_font_size=\u00a0\u00bb20px\u00a0\u00bb module_alignment=\u00a0\u00bbcenter\u00a0\u00bb global_colors_info=\u00a0\u00bb{}\u00a0\u00bb]<\/p>\n<div>\n<h3><span>Bonjour ! <\/span><\/h3>\n<p><span>Je suis <a href=\"https:\/\/arthenon.com\/fr\/1178-2\/\" target=\"_blank\" rel=\"noopener\">Wouter van der Veen<\/a>,\u00a0sp\u00e9cialiste de la vie et de l&rsquo;\u0153uvre de Vincent van Gogh. Pour encadrer mes multiples activit\u00e9s, j&rsquo;ai cr\u00e9\u00e9 en 2005 la soci\u00e9t\u00e9 Arth\u00e9non.<o:p><\/o:p><\/span><span><\/span><\/p>\n<p><span><\/span><\/p>\n<\/div>\n<div>\n<p><span>Sur ce site, vous trouverez des ouvrages en t\u00e9l\u00e9chargement gratuit, mes r\u00e9sultats de recherche et de br\u00e8ves pr\u00e9sentations de mes projets en cours.<\/span><\/p>\n<p><span>Ind\u00e9pendant et amoureux de l&rsquo;\u00e9crit, j&rsquo;ai imagin\u00e9 en 2020 le concept d&rsquo;auteur de cartes postales. En les commandant sur ce site (\u00e0 prix libre), vous contribuez directement \u00e0 mes recherches. Elles sont manuscrites, personnalis\u00e9es, et m&rsquo;ont permis de cr\u00e9er des liens avec des milliers de personnes dans le monde entier.<\/span><\/p>\n<\/div>\n<div>\n<p><span>Vous pouvez aussi vous abonner \u00e0 ma cha\u00eene<span class=\"apple-converted-space\">\u00a0<\/span><a href=\"https:\/\/www.youtube.com\/channel\/UCQEsPSGTlXvIp5i3Rra7h8w\" target=\"_blank\" rel=\"noopener\">YouTube<\/a>\u00a0(je sais, je devrais la mettre \u00e0 jour&#8230;\ud83d\ude03)<o:p><\/o:p><\/span><\/p>\n<\/div>\n<div>\n<p><span>Bonne d\u00e9couverte !<o:p><\/o:p><\/span><\/p>\n<p><span>Amicalement, Wouter<\/span><\/p>\n<\/div>\n<p>[\/et_pb_text][\/et_pb_column][\/et_pb_row][et_pb_row column_structure=\u00a0\u00bb1_4,1_4,1_4,1_4&Prime; _builder_version=\u00a0\u00bb4.24.0&Prime; _module_preset=\u00a0\u00bbdefault\u00a0\u00bb background_color=\u00a0\u00bb#FFFFFF\u00a0\u00bb min_height=\u00a0\u00bb54px\u00a0\u00bb custom_margin=\u00a0\u00bbauto|auto|auto|auto|false|false\u00a0\u00bb custom_padding=\u00a0\u00bb||||false|false\u00a0\u00bb global_colors_info=\u00a0\u00bb{}\u00a0\u00bb][et_pb_column type=\u00a0\u00bb1_4&Prime; _builder_version=\u00a0\u00bb4.16&Prime; _module_preset=\u00a0\u00bbdefault\u00a0\u00bb background_enable_image=\u00a0\u00bboff\u00a0\u00bb background_size=\u00a0\u00bbcontain\u00a0\u00bb global_colors_info=\u00a0\u00bb{}\u00a0\u00bb][et_pb_button button_url=\u00a0\u00bbhttps:\/\/arthenon.com\/shop\/\u00a0\u00bb button_text=\u00a0\u00bbCartes postales\u00a0\u00bb _builder_version=\u00a0\u00bb4.27.4&Prime; _module_preset=\u00a0\u00bbdefault\u00a0\u00bb hover_enabled=\u00a0\u00bb0&Prime; global_colors_info=\u00a0\u00bb{}\u00a0\u00bb sticky_enabled=\u00a0\u00bb0&Prime;][\/et_pb_button][\/et_pb_column][et_pb_column type=\u00a0\u00bb1_4&Prime; _builder_version=\u00a0\u00bb4.20.4&Prime; _module_preset=\u00a0\u00bbdefault\u00a0\u00bb global_colors_info=\u00a0\u00bb{}\u00a0\u00bb][et_pb_button button_url=\u00a0\u00bbhttps:\/\/arthenon.com\/fr\/livres-de-wouter-van-der-veen\/\u00a0\u00bb button_text=\u00a0\u00bbLivres num\u00e9riques gratuits\u00a0\u00bb _builder_version=\u00a0\u00bb4.16&Prime; _module_preset=\u00a0\u00bbdefault\u00a0\u00bb global_colors_info=\u00a0\u00bb{}\u00a0\u00bb][\/et_pb_button][\/et_pb_column][et_pb_column type=\u00a0\u00bb1_4&Prime; _builder_version=\u00a0\u00bb4.16&Prime; _module_preset=\u00a0\u00bbdefault\u00a0\u00bb global_colors_info=\u00a0\u00bb{}\u00a0\u00bb][et_pb_button button_url=\u00a0\u00bbhttps:\/\/arthenon.com\/fr\/auvers-sur-oise-2023\/\u00a0\u00bb button_text=\u00a0\u00bbAuvers 2023&Prime; _builder_version=\u00a0\u00bb4.20.4&Prime; _module_preset=\u00a0\u00bbdefault\u00a0\u00bb global_colors_info=\u00a0\u00bb{}\u00a0\u00bb][\/et_pb_button][\/et_pb_column][et_pb_column type=\u00a0\u00bb1_4&Prime; _builder_version=\u00a0\u00bb4.24.0&Prime; _module_preset=\u00a0\u00bbdefault\u00a0\u00bb link_option_url=\u00a0\u00bbhttps:\/\/www.youtube.com\/channel\/UCQEsPSGTlXvIp5i3Rra7h8w\u00a0\u00bb link_option_url_new_window=\u00a0\u00bbon\u00a0\u00bb global_colors_info=\u00a0\u00bb{}\u00a0\u00bb][et_pb_button button_url=\u00a0\u00bbhttps:\/\/www.youtube.com\/channel\/UCQEsPSGTlXvIp5i3Rra7h8w\u00a0\u00bb url_new_window=\u00a0\u00bbon\u00a0\u00bb button_text=\u00a0\u00bbYouTube\u00a0\u00bb _builder_version=\u00a0\u00bb4.24.0&Prime; _module_preset=\u00a0\u00bbdefault\u00a0\u00bb global_colors_info=\u00a0\u00bb{}\u00a0\u00bb][\/et_pb_button][\/et_pb_column][\/et_pb_row][\/et_pb_section][et_pb_section fb_built=\u00a0\u00bb1&Prime; _builder_version=\u00a0\u00bb4.16&Prime; _module_preset=\u00a0\u00bbdefault\u00a0\u00bb global_colors_info=\u00a0\u00bb{}\u00a0\u00bb][et_pb_row _builder_version=\u00a0\u00bb4.21.0&Prime; _module_preset=\u00a0\u00bbdefault\u00a0\u00bb global_colors_info=\u00a0\u00bb{}\u00a0\u00bb][et_pb_column type=\u00a0\u00bb4_4&Prime; _builder_version=\u00a0\u00bb4.21.0&Prime; _module_preset=\u00a0\u00bbdefault\u00a0\u00bb global_colors_info=\u00a0\u00bb{}\u00a0\u00bb][et_pb_contact_form email=\u00a0\u00bbvg@arthenon.com\u00a0\u00bb title=\u00a0\u00bbContactez-moi\u00a0\u00bb success_message=\u00a0\u00bbVotre message a \u00e9t\u00e9 envoy\u00e9 ! S&rsquo;il est raisonnable et bienveillant, vous pouvez compter sur une r\u00e9ponse sinc\u00e8re&#8230; mais parfois un peu tardive. Patience est m\u00e8re de toutes les vertus !\u00a0\u00bb submit_button_text=\u00a0\u00bbEnvoyer\u00a0\u00bb _builder_version=\u00a0\u00bb4.21.0&Prime; _module_preset=\u00a0\u00bbdefault\u00a0\u00bb _unique_id=\u00a0\u00bbb1f678cd-f665-431e-9cc4-32bba8ac8111&Prime; title_font=\u00a0\u00bb|600|||||||\u00a0\u00bb title_text_color=\u00a0\u00bb#651906&Prime; captcha_text_color=\u00a0\u00bb#000000&Prime; global_colors_info=\u00a0\u00bb{}\u00a0\u00bb][et_pb_contact_field field_id=\u00a0\u00bbName\u00a0\u00bb field_title=\u00a0\u00bbNom\u00a0\u00bb _builder_version=\u00a0\u00bb4.16&Prime; global_colors_info=\u00a0\u00bb{}\u00a0\u00bb button_text_size__hover_enabled=\u00a0\u00bboff\u00a0\u00bb button_one_text_size__hover_enabled=\u00a0\u00bboff\u00a0\u00bb button_two_text_size__hover_enabled=\u00a0\u00bboff\u00a0\u00bb button_text_color__hover_enabled=\u00a0\u00bboff\u00a0\u00bb button_one_text_color__hover_enabled=\u00a0\u00bboff\u00a0\u00bb button_two_text_color__hover_enabled=\u00a0\u00bboff\u00a0\u00bb button_border_width__hover_enabled=\u00a0\u00bboff\u00a0\u00bb button_one_border_width__hover_enabled=\u00a0\u00bboff\u00a0\u00bb button_two_border_width__hover_enabled=\u00a0\u00bboff\u00a0\u00bb button_border_color__hover_enabled=\u00a0\u00bboff\u00a0\u00bb button_one_border_color__hover_enabled=\u00a0\u00bboff\u00a0\u00bb button_two_border_color__hover_enabled=\u00a0\u00bboff\u00a0\u00bb button_border_radius__hover_enabled=\u00a0\u00bboff\u00a0\u00bb button_one_border_radius__hover_enabled=\u00a0\u00bboff\u00a0\u00bb button_two_border_radius__hover_enabled=\u00a0\u00bboff\u00a0\u00bb button_letter_spacing__hover_enabled=\u00a0\u00bboff\u00a0\u00bb button_one_letter_spacing__hover_enabled=\u00a0\u00bboff\u00a0\u00bb button_two_letter_spacing__hover_enabled=\u00a0\u00bboff\u00a0\u00bb button_bg_color__hover_enabled=\u00a0\u00bboff\u00a0\u00bb button_one_bg_color__hover_enabled=\u00a0\u00bboff\u00a0\u00bb button_two_bg_color__hover_enabled=\u00a0\u00bboff\u00a0\u00bb][\/et_pb_contact_field][et_pb_contact_field field_id=\u00a0\u00bbEmail\u00a0\u00bb field_title=\u00a0\u00bbAdresse e-mail\u00a0\u00bb field_type=\u00a0\u00bbemail\u00a0\u00bb _builder_version=\u00a0\u00bb4.16&Prime; global_colors_info=\u00a0\u00bb{}\u00a0\u00bb button_text_size__hover_enabled=\u00a0\u00bboff\u00a0\u00bb button_one_text_size__hover_enabled=\u00a0\u00bboff\u00a0\u00bb button_two_text_size__hover_enabled=\u00a0\u00bboff\u00a0\u00bb button_text_color__hover_enabled=\u00a0\u00bboff\u00a0\u00bb button_one_text_color__hover_enabled=\u00a0\u00bboff\u00a0\u00bb button_two_text_color__hover_enabled=\u00a0\u00bboff\u00a0\u00bb button_border_width__hover_enabled=\u00a0\u00bboff\u00a0\u00bb button_one_border_width__hover_enabled=\u00a0\u00bboff\u00a0\u00bb button_two_border_width__hover_enabled=\u00a0\u00bboff\u00a0\u00bb button_border_color__hover_enabled=\u00a0\u00bboff\u00a0\u00bb button_one_border_color__hover_enabled=\u00a0\u00bboff\u00a0\u00bb button_two_border_color__hover_enabled=\u00a0\u00bboff\u00a0\u00bb button_border_radius__hover_enabled=\u00a0\u00bboff\u00a0\u00bb button_one_border_radius__hover_enabled=\u00a0\u00bboff\u00a0\u00bb button_two_border_radius__hover_enabled=\u00a0\u00bboff\u00a0\u00bb button_letter_spacing__hover_enabled=\u00a0\u00bboff\u00a0\u00bb button_one_letter_spacing__hover_enabled=\u00a0\u00bboff\u00a0\u00bb button_two_letter_spacing__hover_enabled=\u00a0\u00bboff\u00a0\u00bb button_bg_color__hover_enabled=\u00a0\u00bboff\u00a0\u00bb button_one_bg_color__hover_enabled=\u00a0\u00bboff\u00a0\u00bb button_two_bg_color__hover_enabled=\u00a0\u00bboff\u00a0\u00bb][\/et_pb_contact_field][et_pb_contact_field field_id=\u00a0\u00bbMessage\u00a0\u00bb field_title=\u00a0\u00bbMessage\u00a0\u00bb field_type=\u00a0\u00bbtext\u00a0\u00bb fullwidth_field=\u00a0\u00bbon\u00a0\u00bb _builder_version=\u00a0\u00bb4.16&Prime; global_colors_info=\u00a0\u00bb{}\u00a0\u00bb button_text_size__hover_enabled=\u00a0\u00bboff\u00a0\u00bb button_one_text_size__hover_enabled=\u00a0\u00bboff\u00a0\u00bb button_two_text_size__hover_enabled=\u00a0\u00bboff\u00a0\u00bb button_text_color__hover_enabled=\u00a0\u00bboff\u00a0\u00bb button_one_text_color__hover_enabled=\u00a0\u00bboff\u00a0\u00bb button_two_text_color__hover_enabled=\u00a0\u00bboff\u00a0\u00bb button_border_width__hover_enabled=\u00a0\u00bboff\u00a0\u00bb button_one_border_width__hover_enabled=\u00a0\u00bboff\u00a0\u00bb button_two_border_width__hover_enabled=\u00a0\u00bboff\u00a0\u00bb button_border_color__hover_enabled=\u00a0\u00bboff\u00a0\u00bb button_one_border_color__hover_enabled=\u00a0\u00bboff\u00a0\u00bb button_two_border_color__hover_enabled=\u00a0\u00bboff\u00a0\u00bb button_border_radius__hover_enabled=\u00a0\u00bboff\u00a0\u00bb button_one_border_radius__hover_enabled=\u00a0\u00bboff\u00a0\u00bb button_two_border_radius__hover_enabled=\u00a0\u00bboff\u00a0\u00bb button_letter_spacing__hover_enabled=\u00a0\u00bboff\u00a0\u00bb button_one_letter_spacing__hover_enabled=\u00a0\u00bboff\u00a0\u00bb button_two_letter_spacing__hover_enabled=\u00a0\u00bboff\u00a0\u00bb button_bg_color__hover_enabled=\u00a0\u00bboff\u00a0\u00bb button_one_bg_color__hover_enabled=\u00a0\u00bboff\u00a0\u00bb button_two_bg_color__hover_enabled=\u00a0\u00bboff\u00a0\u00bb][\/et_pb_contact_field][\/et_pb_contact_form][\/et_pb_column][\/et_pb_row][\/et_pb_section]<\/p>\n","protected":false},"excerpt":{"rendered":"<p>WOUTER VAN DER VEEN Bonjour ! Je suis Wouter van der Veen,\u00a0sp\u00e9cialiste de la vie et de l&rsquo;\u0153uvre de Vincent van Gogh. Pour encadrer mes multiples activit\u00e9s, j&rsquo;ai cr\u00e9\u00e9 en 2005 la soci\u00e9t\u00e9 Arth\u00e9non. Sur ce site, vous trouverez des ouvrages en t\u00e9l\u00e9chargement gratuit, mes r\u00e9sultats de recherche et de br\u00e8ves pr\u00e9sentations de mes projets [&hellip;]<\/p>\n","protected":false},"author":2,"featured_media":0,"parent":0,"menu_order":0,"comment_status":"closed","ping_status":"closed","template":"","meta":{"_et_pb_use_builder":"on","_et_pb_old_content":"","_et_gb_content_width":"","footnotes":""},"class_list":["post-1024","page","type-page","status-publish","hentry"],"yoast_head":"<!-- This site is optimized with the Yoast SEO plugin v27.1.1 - https:\/\/yoast.com\/product\/yoast-seo-wordpress\/ -->\n<title>Bonjour ! - arth\u00e9non<\/title>\n<meta name=\"robots\" content=\"index, follow, max-snippet:-1, max-image-preview:large, max-video-preview:-1\" \/>\n<link rel=\"canonical\" href=\"http:\/\/arthenon.com\/fr\/\" \/>\n<meta property=\"og:locale\" content=\"fr_FR\" \/>\n<meta property=\"og:type\" content=\"article\" \/>\n<meta property=\"og:title\" content=\"Bonjour ! - arth\u00e9non\" \/>\n<meta property=\"og:description\" content=\"WOUTER VAN DER VEEN Bonjour ! Je suis Wouter van der Veen,\u00a0sp\u00e9cialiste de la vie et de l&#039;\u0153uvre de Vincent van Gogh. Pour encadrer mes multiples activit\u00e9s, j&#039;ai cr\u00e9\u00e9 en 2005 la soci\u00e9t\u00e9 Arth\u00e9non. Sur ce site, vous trouverez des ouvrages en t\u00e9l\u00e9chargement gratuit, mes r\u00e9sultats de recherche et de br\u00e8ves pr\u00e9sentations de mes projets [&hellip;]\" \/>\n<meta property=\"og:url\" content=\"http:\/\/arthenon.com\/fr\/\" \/>\n<meta property=\"og:site_name\" content=\"arth\u00e9non\" \/>\n<meta property=\"article:modified_time\" content=\"2025-06-02T13:37:30+00:00\" \/>\n<meta property=\"og:image\" content=\"https:\/\/arthenon.com\/wp-content\/uploads\/2021\/04\/Monogramme-Wouter-300x300.png\" \/>\n<meta name=\"twitter:card\" content=\"summary_large_image\" \/>\n<meta name=\"twitter:label1\" content=\"Dur\u00e9e de lecture estim\u00e9e\" \/>\n\t<meta name=\"twitter:data1\" content=\"2 minutes\" \/>\n<script type=\"application\/ld+json\" class=\"yoast-schema-graph\">{\"@context\":\"https:\/\/schema.org\",\"@graph\":[{\"@type\":\"WebPage\",\"@id\":\"http:\/\/arthenon.com\/fr\/\",\"url\":\"http:\/\/arthenon.com\/fr\/\",\"name\":\"Bonjour ! - arth\u00e9non\",\"isPartOf\":{\"@id\":\"https:\/\/arthenon.com\/en\/#website\"},\"primaryImageOfPage\":{\"@id\":\"http:\/\/arthenon.com\/fr\/#primaryimage\"},\"image\":{\"@id\":\"http:\/\/arthenon.com\/fr\/#primaryimage\"},\"thumbnailUrl\":\"https:\/\/arthenon.com\/wp-content\/uploads\/2021\/04\/Monogramme-Wouter-300x300.png\",\"datePublished\":\"2021-04-07T12:55:37+00:00\",\"dateModified\":\"2025-06-02T13:37:30+00:00\",\"breadcrumb\":{\"@id\":\"http:\/\/arthenon.com\/fr\/#breadcrumb\"},\"inLanguage\":\"fr-FR\",\"potentialAction\":[{\"@type\":\"ReadAction\",\"target\":[\"http:\/\/arthenon.com\/fr\/\"]}]},{\"@type\":\"ImageObject\",\"inLanguage\":\"fr-FR\",\"@id\":\"http:\/\/arthenon.com\/fr\/#primaryimage\",\"url\":\"https:\/\/arthenon.com\/wp-content\/uploads\/2021\/04\/Monogramme-Wouter-300x300.png\",\"contentUrl\":\"https:\/\/arthenon.com\/wp-content\/uploads\/2021\/04\/Monogramme-Wouter-300x300.png\"},{\"@type\":\"BreadcrumbList\",\"@id\":\"http:\/\/arthenon.com\/fr\/#breadcrumb\",\"itemListElement\":[{\"@type\":\"ListItem\",\"position\":1,\"name\":\"Home\",\"item\":\"http:\/\/arthenon.com\/fr\/\"},{\"@type\":\"ListItem\",\"position\":2,\"name\":\"Bonjour !\"}]},{\"@type\":\"WebSite\",\"@id\":\"https:\/\/arthenon.com\/en\/#website\",\"url\":\"https:\/\/arthenon.com\/en\/\",\"name\":\"arth\u00e9non\",\"description\":\"livres libres\",\"potentialAction\":[{\"@type\":\"SearchAction\",\"target\":{\"@type\":\"EntryPoint\",\"urlTemplate\":\"https:\/\/arthenon.com\/en\/?s={search_term_string}\"},\"query-input\":{\"@type\":\"PropertyValueSpecification\",\"valueRequired\":true,\"valueName\":\"search_term_string\"}}],\"inLanguage\":\"fr-FR\"}]}<\/script>\n<!-- \/ Yoast SEO plugin. -->","yoast_head_json":{"title":"Bonjour ! - arth\u00e9non","robots":{"index":"index","follow":"follow","max-snippet":"max-snippet:-1","max-image-preview":"max-image-preview:large","max-video-preview":"max-video-preview:-1"},"canonical":"http:\/\/arthenon.com\/fr\/","og_locale":"fr_FR","og_type":"article","og_title":"Bonjour ! - arth\u00e9non","og_description":"WOUTER VAN DER VEEN Bonjour ! Je suis Wouter van der Veen,\u00a0sp\u00e9cialiste de la vie et de l'\u0153uvre de Vincent van Gogh. Pour encadrer mes multiples activit\u00e9s, j'ai cr\u00e9\u00e9 en 2005 la soci\u00e9t\u00e9 Arth\u00e9non. Sur ce site, vous trouverez des ouvrages en t\u00e9l\u00e9chargement gratuit, mes r\u00e9sultats de recherche et de br\u00e8ves pr\u00e9sentations de mes projets [&hellip;]","og_url":"http:\/\/arthenon.com\/fr\/","og_site_name":"arth\u00e9non","article_modified_time":"2025-06-02T13:37:30+00:00","og_image":[{"url":"https:\/\/arthenon.com\/wp-content\/uploads\/2021\/04\/Monogramme-Wouter-300x300.png","type":"","width":"","height":""}],"twitter_card":"summary_large_image","twitter_misc":{"Dur\u00e9e de lecture estim\u00e9e":"2 minutes"},"schema":{"@context":"https:\/\/schema.org","@graph":[{"@type":"WebPage","@id":"http:\/\/arthenon.com\/fr\/","url":"http:\/\/arthenon.com\/fr\/","name":"Bonjour ! - arth\u00e9non","isPartOf":{"@id":"https:\/\/arthenon.com\/en\/#website"},"primaryImageOfPage":{"@id":"http:\/\/arthenon.com\/fr\/#primaryimage"},"image":{"@id":"http:\/\/arthenon.com\/fr\/#primaryimage"},"thumbnailUrl":"https:\/\/arthenon.com\/wp-content\/uploads\/2021\/04\/Monogramme-Wouter-300x300.png","datePublished":"2021-04-07T12:55:37+00:00","dateModified":"2025-06-02T13:37:30+00:00","breadcrumb":{"@id":"http:\/\/arthenon.com\/fr\/#breadcrumb"},"inLanguage":"fr-FR","potentialAction":[{"@type":"ReadAction","target":["http:\/\/arthenon.com\/fr\/"]}]},{"@type":"ImageObject","inLanguage":"fr-FR","@id":"http:\/\/arthenon.com\/fr\/#primaryimage","url":"https:\/\/arthenon.com\/wp-content\/uploads\/2021\/04\/Monogramme-Wouter-300x300.png","contentUrl":"https:\/\/arthenon.com\/wp-content\/uploads\/2021\/04\/Monogramme-Wouter-300x300.png"},{"@type":"BreadcrumbList","@id":"http:\/\/arthenon.com\/fr\/#breadcrumb","itemListElement":[{"@type":"ListItem","position":1,"name":"Home","item":"http:\/\/arthenon.com\/fr\/"},{"@type":"ListItem","position":2,"name":"Bonjour !"}]},{"@type":"WebSite","@id":"https:\/\/arthenon.com\/en\/#website","url":"https:\/\/arthenon.com\/en\/","name":"arth\u00e9non","description":"livres libres","potentialAction":[{"@type":"SearchAction","target":{"@type":"EntryPoint","urlTemplate":"https:\/\/arthenon.com\/en\/?s={search_term_string}"},"query-input":{"@type":"PropertyValueSpecification","valueRequired":true,"valueName":"search_term_string"}}],"inLanguage":"fr-FR"}]}},"_links":{"self":[{"href":"https:\/\/arthenon.com\/fr\/wp-json\/wp\/v2\/pages\/1024","targetHints":{"allow":["GET"]}}],"collection":[{"href":"https:\/\/arthenon.com\/fr\/wp-json\/wp\/v2\/pages"}],"about":[{"href":"https:\/\/arthenon.com\/fr\/wp-json\/wp\/v2\/types\/page"}],"author":[{"embeddable":true,"href":"https:\/\/arthenon.com\/fr\/wp-json\/wp\/v2\/users\/2"}],"replies":[{"embeddable":true,"href":"https:\/\/arthenon.com\/fr\/wp-json\/wp\/v2\/comments?post=1024"}],"version-history":[{"count":22,"href":"https:\/\/arthenon.com\/fr\/wp-json\/wp\/v2\/pages\/1024\/revisions"}],"predecessor-version":[{"id":3002,"href":"https:\/\/arthenon.com\/fr\/wp-json\/wp\/v2\/pages\/1024\/revisions\/3002"}],"wp:attachment":[{"href":"https:\/\/arthenon.com\/fr\/wp-json\/wp\/v2\/media?parent=1024"}],"curies":[{"name":"wp","href":"https:\/\/api.w.org\/{rel}","templated":true}]}}