{"id":1807,"date":"2022-02-24T11:07:57","date_gmt":"2022-02-24T10:07:57","guid":{"rendered":"https:\/\/arthenon.com\/?page_id=1807"},"modified":"2022-02-24T11:08:00","modified_gmt":"2022-02-24T10:08:00","slug":"roots","status":"publish","type":"page","link":"http:\/\/arthenon.com\/fr\/roots\/","title":{"rendered":"Wouter Van Der Veen"},"content":{"rendered":"\n<p>This page is now redirected here : <a href=\"https:\/\/arthenon.com\/fr\/\">French version<\/a> &#8211; <a href=\"https:\/\/arthenon.com\/en\/\">English Version<\/a><\/p>\n","protected":false},"excerpt":{"rendered":"<p>This page is now redirected here : French version &#8211; English Version<\/p>\n","protected":false},"author":5,"featured_media":0,"parent":0,"menu_order":0,"comment_status":"closed","ping_status":"closed","template":"","meta":{"_et_pb_use_builder":"off","_et_pb_old_content":"","_et_gb_content_width":"","footnotes":""},"class_list":["post-1807","page","type-page","status-publish","hentry"],"yoast_head":"<!-- This site is optimized with the Yoast SEO plugin v27.1.1 - https:\/\/yoast.com\/product\/yoast-seo-wordpress\/ -->\n<title>Wouter Van Der Veen - arth\u00e9non<\/title>\n<meta name=\"robots\" content=\"index, follow, max-snippet:-1, max-image-preview:large, max-video-preview:-1\" \/>\n<link rel=\"canonical\" href=\"http:\/\/arthenon.com\/fr\/roots\/\" \/>\n<meta property=\"og:locale\" content=\"fr_FR\" \/>\n<meta property=\"og:type\" content=\"article\" \/>\n<meta property=\"og:title\" content=\"Wouter Van Der Veen - arth\u00e9non\" \/>\n<meta property=\"og:description\" content=\"This page is now redirected here : French version &#8211; English Version\" \/>\n<meta property=\"og:url\" content=\"http:\/\/arthenon.com\/fr\/roots\/\" \/>\n<meta property=\"og:site_name\" content=\"arth\u00e9non\" \/>\n<meta property=\"article:modified_time\" content=\"2022-02-24T10:08:00+00:00\" \/>\n<meta name=\"twitter:card\" content=\"summary_large_image\" \/>\n<meta name=\"twitter:label1\" content=\"Dur\u00e9e de lecture estim\u00e9e\" \/>\n\t<meta name=\"twitter:data1\" content=\"1 minute\" \/>\n<script type=\"application\/ld+json\" class=\"yoast-schema-graph\">{\"@context\":\"https:\/\/schema.org\",\"@graph\":[{\"@type\":\"WebPage\",\"@id\":\"http:\/\/arthenon.com\/fr\/roots\/\",\"url\":\"http:\/\/arthenon.com\/fr\/roots\/\",\"name\":\"Wouter Van Der Veen - arth\u00e9non\",\"isPartOf\":{\"@id\":\"https:\/\/arthenon.com\/en\/#website\"},\"datePublished\":\"2022-02-24T10:07:57+00:00\",\"dateModified\":\"2022-02-24T10:08:00+00:00\",\"breadcrumb\":{\"@id\":\"http:\/\/arthenon.com\/fr\/roots\/#breadcrumb\"},\"inLanguage\":\"fr-FR\",\"potentialAction\":[{\"@type\":\"ReadAction\",\"target\":[\"http:\/\/arthenon.com\/fr\/roots\/\"]}]},{\"@type\":\"BreadcrumbList\",\"@id\":\"http:\/\/arthenon.com\/fr\/roots\/#breadcrumb\",\"itemListElement\":[{\"@type\":\"ListItem\",\"position\":1,\"name\":\"Home\",\"item\":\"https:\/\/arthenon.com\/fr\/\"},{\"@type\":\"ListItem\",\"position\":2,\"name\":\"Wouter Van Der Veen\"}]},{\"@type\":\"WebSite\",\"@id\":\"https:\/\/arthenon.com\/en\/#website\",\"url\":\"https:\/\/arthenon.com\/en\/\",\"name\":\"arth\u00e9non\",\"description\":\"livres libres\",\"potentialAction\":[{\"@type\":\"SearchAction\",\"target\":{\"@type\":\"EntryPoint\",\"urlTemplate\":\"https:\/\/arthenon.com\/en\/?s={search_term_string}\"},\"query-input\":{\"@type\":\"PropertyValueSpecification\",\"valueRequired\":true,\"valueName\":\"search_term_string\"}}],\"inLanguage\":\"fr-FR\"}]}<\/script>\n<!-- \/ Yoast SEO plugin. -->","yoast_head_json":{"title":"Wouter Van Der Veen - arth\u00e9non","robots":{"index":"index","follow":"follow","max-snippet":"max-snippet:-1","max-image-preview":"max-image-preview:large","max-video-preview":"max-video-preview:-1"},"canonical":"http:\/\/arthenon.com\/fr\/roots\/","og_locale":"fr_FR","og_type":"article","og_title":"Wouter Van Der Veen - arth\u00e9non","og_description":"This page is now redirected here : French version &#8211; English Version","og_url":"http:\/\/arthenon.com\/fr\/roots\/","og_site_name":"arth\u00e9non","article_modified_time":"2022-02-24T10:08:00+00:00","twitter_card":"summary_large_image","twitter_misc":{"Dur\u00e9e de lecture estim\u00e9e":"1 minute"},"schema":{"@context":"https:\/\/schema.org","@graph":[{"@type":"WebPage","@id":"http:\/\/arthenon.com\/fr\/roots\/","url":"http:\/\/arthenon.com\/fr\/roots\/","name":"Wouter Van Der Veen - arth\u00e9non","isPartOf":{"@id":"https:\/\/arthenon.com\/en\/#website"},"datePublished":"2022-02-24T10:07:57+00:00","dateModified":"2022-02-24T10:08:00+00:00","breadcrumb":{"@id":"http:\/\/arthenon.com\/fr\/roots\/#breadcrumb"},"inLanguage":"fr-FR","potentialAction":[{"@type":"ReadAction","target":["http:\/\/arthenon.com\/fr\/roots\/"]}]},{"@type":"BreadcrumbList","@id":"http:\/\/arthenon.com\/fr\/roots\/#breadcrumb","itemListElement":[{"@type":"ListItem","position":1,"name":"Home","item":"https:\/\/arthenon.com\/fr\/"},{"@type":"ListItem","position":2,"name":"Wouter Van Der Veen"}]},{"@type":"WebSite","@id":"https:\/\/arthenon.com\/en\/#website","url":"https:\/\/arthenon.com\/en\/","name":"arth\u00e9non","description":"livres libres","potentialAction":[{"@type":"SearchAction","target":{"@type":"EntryPoint","urlTemplate":"https:\/\/arthenon.com\/en\/?s={search_term_string}"},"query-input":{"@type":"PropertyValueSpecification","valueRequired":true,"valueName":"search_term_string"}}],"inLanguage":"fr-FR"}]}},"_links":{"self":[{"href":"http:\/\/arthenon.com\/fr\/wp-json\/wp\/v2\/pages\/1807","targetHints":{"allow":["GET"]}}],"collection":[{"href":"http:\/\/arthenon.com\/fr\/wp-json\/wp\/v2\/pages"}],"about":[{"href":"http:\/\/arthenon.com\/fr\/wp-json\/wp\/v2\/types\/page"}],"author":[{"embeddable":true,"href":"http:\/\/arthenon.com\/fr\/wp-json\/wp\/v2\/users\/5"}],"replies":[{"embeddable":true,"href":"http:\/\/arthenon.com\/fr\/wp-json\/wp\/v2\/comments?post=1807"}],"version-history":[{"count":1,"href":"http:\/\/arthenon.com\/fr\/wp-json\/wp\/v2\/pages\/1807\/revisions"}],"predecessor-version":[{"id":1809,"href":"http:\/\/arthenon.com\/fr\/wp-json\/wp\/v2\/pages\/1807\/revisions\/1809"}],"wp:attachment":[{"href":"http:\/\/arthenon.com\/fr\/wp-json\/wp\/v2\/media?parent=1807"}],"curies":[{"name":"wp","href":"https:\/\/api.w.org\/{rel}","templated":true}]}}